{"id":941,"date":"2015-11-09T11:14:39","date_gmt":"2015-11-09T11:14:39","guid":{"rendered":"http:\/\/schulzki-haddouti.de\/?page_id=941"},"modified":"2018-06-02T21:56:13","modified_gmt":"2018-06-02T21:56:13","slug":"datenschutz-policy","status":"publish","type":"page","link":"https:\/\/schulzki-haddouti.de\/?page_id=941","title":{"rendered":"Datenschutzerkl\u00e4rung"},"content":{"rendered":"<div class=\"content\">\n<article class=\"article\">\n<div id=\"content_box\">\n<div id=\"post-8860\" class=\"g post post-8860 page type-page status-publish hentry\">\n<div class=\"single_page\">\n<header>\n<p class=\"title\"><strong>Datenschutzerkl\u00e4rung<\/strong><\/p>\n<\/header>\n<div class=\"post-content box mark-links\">\n<p>Diese Datenschutzerkl\u00e4rung kl\u00e4rt dich dar\u00fcber auf, welche Informationen beim Lesen des Blogs sowie der verbundenen Social Media Kan\u00e4le verarbeitet werden und welche Rechte du gegen\u00fcber mir, dem Blogbetreiber, hast. Alle hier dargestellten Verarbeitungen und die Aufkl\u00e4rung \u00fcber deine Rechte richten sich nach der seit dem 25.05.2018 geltenden <a href=\"http:\/\/eur-lex.europa.eu\/legal-content\/DE\/TXT\/HTML\/?uri=CELEX:32016R0679&amp;from=EN\">europ\u00e4ischen Datenschutz-Grundverordnung<\/a>.<\/p>\n<p>Ich habe bei der Erstellung dieses Blog gro\u00dfen Wert darauf gelegt, dass so wenig personenbenbezogene Daten wie m\u00f6glich erhoben, verarbeitet oder sonstwie genutzt werden. Personenbezogenen Daten sind Informationen, die dich entweder konkret identifizieren (z.B., wenn du mir deinen Namen per E-Mail sendest) oder jedenfalls mittelbar auf dich zur\u00fcckzuf\u00fchren sind (Spuren, die dein Browser beim Aufruf des Blogs hinterl\u00e4sst).<\/p>\n<p><strong>Personenbeziehbare Daten, die aus technischen Gr\u00fcnden erhoben werden<\/strong><\/p>\n<p>Trotz aller Bem\u00fchungen gibt es technisch bedingt immer bestimmte Informationen, die bei der Kommunikation mit dem Server, auf dem diese Webseite liegt, anfallen. Alle Daten, die z.B. von TCP\/IP zur Kommunikation zwischen deinem Browser und dem Server genutzt werden, werden kurzfristig f\u00fcr den Server sichtbar. Das k\u00f6nnen (u.a.) sein:<\/p>\n<ul>\n<li>die IP-Adresse deines Internetanschlusses,<\/li>\n<li>die Betriebssystemversion deines PC oder Smartphones,<\/li>\n<li>die Displayaufl\u00f6sung deines Ger\u00e4ts,<\/li>\n<li>der Standort deines Ger\u00e4ts,<\/li>\n<li>der von dir genutzte Internetbrowser oder<\/li>\n<li>der Zeitpunkt deines Zugriffs auf das Blog.<\/li>\n<\/ul>\n<p>Diese Informationen dienen dazu, dass die Webseite an deinen Computer \u00fcbermittelt und von deinem Browser richtig verarbeitet und angezeigt werden kann. Nach jedem Seitenbesuch werden diese Daten normalerweise in Logs des Webhosters gespeichert. Diese Funktion habe ich bei meinem Webhoster jedoch deaktiviert. Der Server dieser Website wird von der DomainFactory GmbH mit Server-Standort in der Europ\u00e4ischen Union betrieben. Der Serverbetreiber unterliegt als Auftragsverarbeiter meinen Anweisungen und hat sich vertraglich mir gegen\u00fcber zur Einhaltung technischer und organisatorischer Sicherungsma\u00dfnahmen verpflichtet.<\/p>\n<p>Die Datenverarbeitung erfolgt dabei gem\u00e4\u00df Art. 6 Abs. 1 Buchst. b) DSGVO im erforderlichen Umfang, um dir den Aufruf des Blogs im Rahmen des Nutzungsverh\u00e4ltnisses zwischen mir (dem Betreiber) und dir (der Nutzerin) zu erm\u00f6glichen.<\/p>\n<p>Mein Webhosting-Provider Domainfactory hat mir versichert, dass er die IP-Daten meiner Besucher nicht speichert &#8211; mit einer winzigen Ausnahme. So pr\u00e4zisierte er auf Nachfrage am 23.6.15: &#8222;Ist die Speicherung der IP-Adressen deaktiviert, werden die (zun\u00e4chst aus technischen Gr\u00fcnden zwingend) erfassten IP-Adressen im Zeitraum zwischen wenigen Minuten und maximal 72 Stunden endg\u00fcltig gel\u00f6scht. Die tempor\u00e4re Zwischenspeicherung dient u.a. der Erkennung von Hackerangriffen und der Behebung technischer St\u00f6rungen.&#8220; Ich habe die Erfassung der IP-Adressen deaktiviert.<\/p>\n<p><strong>HTTPS-Verbindung<\/strong><\/p>\n<p>Diese Website ist \u00fcber HTTPS erreichbar.<\/p>\n<p><strong>Statistik, Tracking, Cookies<\/strong><\/p>\n<p>Diese Website nutzt im Moment\u00a0meines Wissens nach\u00a0keinen Besucher-Statistik-Dienst und auch sonst keine anderen Tracking-Dienste. Es werden auch keine Cookies gesetzt. Falls ein Besucher dennoch etwas feststellen sollte, bitte ich um einen Hinweis.<\/p>\n<\/div>\n<\/div>\n<\/div>\n<\/div>\n<\/article>\n<\/div>\n<p><strong>Kommentare<\/strong><\/p>\n<p>Im Moment sind <a href=\"http:\/\/schulzki-haddouti.de\/?p=929\">keine Kommentare m\u00f6glich<\/a>. <a href=\"http:\/\/schulzki-haddouti.de\/?p=938\">An einer L\u00f6sung wird gearbeitet<\/a>.<\/p>\n<p><strong>Google Fonts<\/strong><\/p>\n<p>Einige Schriftarten, die WordPress (die Blogging-Software, auf deren Basis auch diese Seite arbeitet) nutzt, werden \u00fcber die Google Fonts Schnittstelle von Google geladen, sobald das Blog aufgeladen wird. Dadurch erf\u00e4hrt (zwangsl\u00e4ufig) Google, dass der Browser eines Seitenbesuchers diese Webseite aufgerufen hat. Mithilfe von Zusatzwissen (z. B. Google Cookies oder Nutzung von Google-Diensten kurz nach Aufruf des Webseite) kann Google so leicht zuordnen, wer, wann meine Webseite besucht. Das ist m\u00f6glicherweise trotz der <a href=\"http:\/\/www.google.de\/intl\/de\/policies\/privacy\/\">diesbez\u00fcglichen Datenschutzerkl\u00e4rungen<\/a> von Google ein Problem. Ich bem\u00fche mich deshalb, Google Fonts aus diesem Blog dauerhaft zu verbannen. Da WordPress je nach Version und Update andere Schriften nachl\u00e4dt, kann es dennoch immer wieder zur unfreiwilligen Google-Fontisierung kommen.\u00a0 Wer als Besucher meiner Website das in seinem Browser verhindern m\u00f6chte, kann zum Beispiel <a href=\"http:\/\/blog.sprechrun.de\/?page_id=1591\">via Anpassung seiner Host-Datei <\/a>das Nachladen von Google Fonts Quellen selbstst\u00e4ndig blockieren.<\/p>\n<p><strong>E-Mail-Kontakt<\/strong><\/p>\n<p>Wenn du dich per E-Mail an mich wendest, wird deine E-Mail samt Absenderadresse und Inhalt verarbeitet, um die Kommunikation mit dir abzuwickeln. Diese Informationen werden so lange gespeichert, wie es erforderlich ist, um dem Inhalt deines Anliegens gerecht zu werden. Sofern nicht die besondere Natur der Kommunikation es erfordert, werden alten E-Mails in der Regel ein Jahr nach dem Empfang der letzten R\u00fcckmeldung von dir und die Kontaktdaten nach zwei Jahren gel\u00f6scht.<\/p>\n<p>Die Speicherung und Nutzung der in den E-Mails enthaltenen Daten sowie deiner Kontaktdaten erfolgt im erforderlichen Umfang aufgrund meines berechtigten Interesses an der Abwicklung der Kommunikation mit dir, soweit deine Interessen dem nicht entgegenstehen (Art. 6 Abs. 1 Buchst. f) DSGVO).arbeiteten Daten gebe (Art. 15 DSGVO).<\/p>\n<p><strong>Deine Rechte<\/strong><\/p>\n<p>Du darfst von mir verlangen,<\/p>\n<div class=\"content\">\n<article class=\"article\">\n<div id=\"content_box\">\n<div id=\"post-8860\" class=\"g post post-8860 page type-page status-publish hentry\">\n<div class=\"single_page\">\n<div class=\"post-content box mark-links\">\n<ul>\n<li>dass ich unrichtige Daten berichtige.<\/li>\n<li>dass deine Daten gel\u00f6scht werden, wenn diese z.B. nicht mehr erforderlich f\u00fcr den urspr\u00fcnglichen Zweck sind oder Streit dar\u00fcber besteht, ob ich bestimmte Daten rechtm\u00e4\u00dfig verarbeite (Art. 17 DSGVO).<\/li>\n<li>von mir die Einschr\u00e4nkung der Verarbeitung zu verlangen, wenn die Voraussetzungen des Art. 18 DSGVO vorliegen.<\/li>\n<li>die dich betreffenden personenbezogenen Daten, die du mir bereitgestellt hat, in einem strukturierten, g\u00e4ngigen und maschinenlesbaren Format zu erhalten (Art. 20 DSGVO).<\/li>\n<\/ul>\n<p>Insbesondere kannst du aus Gr\u00fcnden, die sich aus einer besonderen Situation ergeben, jederzeit gegen die Verarbeitung, die aufgrund von Art. 6 Abs. 1 Buchst. e) oder f) DSGVO\u00a0 erfolgt, Widerspruch einzulegen (Art. 21 DSGVO).<\/p>\n<p>Bez\u00fcglich aller genannten Rechte gilt dabei: Ein entsprechendes an mich per E-Mail oder oder schriftlich per Post \u00fcbermitteltes Verlangen gen\u00fcgt, um deine Rechte in Anspruch zu nehmen.<\/p>\n<p><strong>Twitter<\/strong><\/p>\n<p>Zwar enth\u00e4lt meine Website keine Plugins irgendwelcher Social Media Anbieter, aber ich bin auf Twitter mit einem offiziellen Account @kooptech vertreten, auch verwende ich den Gemeinschafts-Account @riffklima. Rechtlich ist es noch umstritten, ob ich f\u00fcr die dort stattfindende Datenverarbeitung ebenfalls verantwortlich bin.<\/p>\n<p>Ich weise daher vorerst mindestens darauf hin, dass beim Besuch meines Twittersauftritts erhebliche Datenverarbeitungen durch Twitter stattfinden. Details findet ihr in der <a href=\"https:\/\/twitter.com\/de\/privacy#update\">Datenschutzerkl\u00e4rung von Twitter<\/a>.\u00a0 Wenn ihr mit diesem Account interagiert, werden sowohl mir als auch dem Betreiber des Sozialen Netzwerks Informationen \u00fcber unser Interaktion (Inhalt der Posts, Retweets, Likes, Follower, Private Nachrichten) bekannt. Twitter verarbeitet zudem euer Nutzungsverhalten (auch eure Interaktion mit meinem Account) zur Erstellung von Nutzungsprofilen \u00fcber eurer Verhalten, Interessen und Vorlieben, um euch darauf basierenden zielgerichtet (politische oder kommerzielle) Botschaften anzuzeigen.<\/p>\n<p><strong>Verantwortliche Stelle im Sinne des Datenschutzrechts<\/strong><\/p>\n<p>Christiane Schulzki-Haddouti<br \/>\nPostfach 201210<br \/>\n53142 Bonn<br \/>\nE-Mail: christiane@schulzki.de<br \/>\n<a href=\"https:\/\/keyserver.ubuntu.com\/pks\/lookup?op=get&amp;search=0x8B6D3EF3339DB68B\">PGP-Schl\u00fcssel<\/a><\/p>\n<\/div>\n<div class=\"post-content box mark-links\">\n<p><strong>Die f\u00fcr mich zust\u00e4ndige Datenschutzaufsicht<\/strong><\/p>\n<p>Solltest du der Meinung sein, dass ich das geltende Datenschutzrecht verletze, dann kannst du dich jederzeit bei der f\u00fcr mich zust\u00e4ndigen Datenschutzaufsichtsbeh\u00f6rde beschweren. F\u00fcr diese Website zust\u00e4ndig ist die<\/p>\n<p>Landesbeauftragte f\u00fcr Datenschutz und Informationsfreiheit Nordrhein-Westfalen<br \/>\nKavalleriestr. 2-4<br \/>\n40213 D\u00fcsseldorf<br \/>\nTelefon: 0211\/38424-0<br \/>\nFax: 0211\/38424-10<br \/>\nE-Mail: poststelle[at]ldi[dot]nrw.de<\/p>\n<p><strong>Wichtiger Hinweis zur einschr\u00e4nkenden Geltung des Datenschutzrechts f\u00fcr diese Website<br \/>\n<\/strong><\/p>\n<p>Die Website wird von mir als Journalistin betrieben. Sie dient der Informationsverbreitung und Meinungsbildung. Diese T\u00e4tigkeit ist nach Artikel 11 der Grundwerte-Charta der Europ\u00e4ischen Union und Artikel 5 Grundgesetz als Presse- bzw Medien- und Meinungsfreiheit grunds\u00e4tzlich gesch\u00fctzt. Als Medium \/ Meinungstr\u00e4gerbin ich nach Artikel 85 der Datenschutz-Grundverordnung (DSGVO) in Verbindung mit dem f\u00fcr uns geltenden Landespresse- \/ Landesmediengesetz bzw dem Rundfunkstaatsvertrag f\u00fcr den Bereich der journalistischen Arbeit von wesentlichen Bestimmungen des Datenschutzrechts ausgenommen und darf daher personenbezogene Daten nach eigenem Ermessen journalistisch verarbeiten.<\/p>\n<p>Wir sind als Journalisten im \u00dcbrigen gesetzlich verpflichtet, das Datengeheimnis der journalistischen Daten zu achten und die Daten nur journalistisch zu verarbeiten, sowie daf\u00fcr geeignete organisatorische und technische Ma\u00dfnahmen zu treffen. Es gelten das Redaktionsgeheimnis sowie ein Auskunftsverweigerungsrecht \u00fcber unsere Quellen gegen\u00fcber Beh\u00f6rden und Gerichten. Dar\u00fcber hinaus f\u00fchlen ich mich\u00a0 dem <a href=\"http:\/\/www.presserat.de\/pressekodex\/pressekodex\/\" target=\"_blank\" rel=\"noopener\">Pressekodex des Presserats<\/a> sowie dem <a href=\"https:\/\/www.riffreporter.de\/kodex\/\" target=\"_blank\" rel=\"noopener\">journalistischen Kodex<\/a> der Genossenschaft RiffReporter \u2013 die Genossenschaft f\u00fcr freien Journalismus e.G. verpflichtet.<\/p>\n<p>B\u00fcrger k\u00f6nnen sich daher auch an den Deutschen Presserat wenden, wenn sie Zweifel oder Kritik an der Verwendung\/Verarbeitung von Daten durch das Journalismusb\u00fcro haben. Dazu geh\u00f6rt auch die M\u00f6glichkeit, eine (Online-)Beschwerde beim Presserat einzureichen, www.presserat.de.<\/p>\n<p>Die Adresse des Deutschen Presserates lautet:<br \/>\nDeutscher Presserat, Fritschestr. 27\/28 10585 Berlin<br \/>\nPostadresse: Deutscher Presserat, Postfach 100549, 10565 Berlin<br \/>\nTel: 030\/ 367007-0,Fax: 030\/ 367007-20, info(at)presserat(dot)de<\/p>\n<p>Gleichzeitig bin ich im Bereich nichtjournalistischer T\u00e4tigkeit vollst\u00e4ndig an die Regelungen des Datenschutzrechts gebunden.<\/p>\n<p><strong>Missbrauch der Impressumsinformationen<\/strong><\/p>\n<p>Der Nutzung von im Rahmen der Impressumspflicht ver\u00f6ffentlichten Kontaktdaten durch Dritte zur \u00dcbersendung von nicht ausdr\u00fccklich angeforderter Werbung und Informationsmaterialien wird hiermit \u00fcbrigens ausdr\u00fccklich widersprochen. Ich behalte mir ausdr\u00fccklich rechtliche Schritte im Falle der unverlangten Zusendung von Werbeinformationen, etwa durch Spam-Mails, vor.<\/p>\n<\/div>\n<p>Quellen: DJV, <a href=\"https:\/\/www.deathmetalmods.de\/datenschutz\/\">Malte Engeler<\/a><\/p>\n<p>Juni 2018<\/p>\n<\/div>\n<\/div>\n<\/div>\n<\/article>\n<\/div>\n","protected":false},"excerpt":{"rendered":"<p>Datenschutzerkl\u00e4rung Diese Datenschutzerkl\u00e4rung kl\u00e4rt dich dar\u00fcber auf, welche Informationen beim Lesen des Blogs sowie der verbundenen Social Media Kan\u00e4le verarbeitet werden und welche Rechte du gegen\u00fcber mir, dem Blogbetreiber, hast. Alle hier dargestellten Verarbeitungen und die Aufkl\u00e4rung \u00fcber deine Rechte richten sich nach der seit dem 25.05.2018 geltenden europ\u00e4ischen Datenschutz-Grundverordnung. Ich habe bei der Erstellung &hellip; <a href=\"https:\/\/schulzki-haddouti.de\/?page_id=941\" class=\"more-link\"><span class=\"screen-reader-text\">Datenschutzerkl\u00e4rung<\/span> weiterlesen <span class=\"meta-nav\">&rarr;<\/span><\/a><\/p>\n","protected":false},"author":1,"featured_media":0,"parent":0,"menu_order":0,"comment_status":"closed","ping_status":"closed","template":"","meta":[],"_links":{"self":[{"href":"https:\/\/schulzki-haddouti.de\/index.php?rest_route=\/wp\/v2\/pages\/941"}],"collection":[{"href":"https:\/\/schulzki-haddouti.de\/index.php?rest_route=\/wp\/v2\/pages"}],"about":[{"href":"https:\/\/schulzki-haddouti.de\/index.php?rest_route=\/wp\/v2\/types\/page"}],"author":[{"embeddable":true,"href":"https:\/\/schulzki-haddouti.de\/index.php?rest_route=\/wp\/v2\/users\/1"}],"replies":[{"embeddable":true,"href":"https:\/\/schulzki-haddouti.de\/index.php?rest_route=%2Fwp%2Fv2%2Fcomments&post=941"}],"version-history":[{"count":20,"href":"https:\/\/schulzki-haddouti.de\/index.php?rest_route=\/wp\/v2\/pages\/941\/revisions"}],"predecessor-version":[{"id":1072,"href":"https:\/\/schulzki-haddouti.de\/index.php?rest_route=\/wp\/v2\/pages\/941\/revisions\/1072"}],"wp:attachment":[{"href":"https:\/\/schulzki-haddouti.de\/index.php?rest_route=%2Fwp%2Fv2%2Fmedia&parent=941"}],"curies":[{"name":"wp","href":"https:\/\/api.w.org\/{rel}","templated":true}]}}