{"id":8,"date":"2011-02-25T18:59:36","date_gmt":"2011-02-25T18:59:36","guid":{"rendered":"http:\/\/schulzki-haddouti.de\/?page_id=8"},"modified":"2022-11-14T08:27:07","modified_gmt":"2022-11-14T08:27:07","slug":"kontakt","status":"publish","type":"page","link":"https:\/\/schulzki-haddouti.de\/?page_id=8","title":{"rendered":"Kontakt"},"content":{"rendered":"<p>Christiane Schulzki-Haddouti<br \/>\nPostanschrift:<br \/>\nPostfach 201210<br \/>\n53142 Bonn<\/p>\n<ul>\n<li><a href=\"mailto:christiane@schulzki.de\">E-Mail<\/a><\/li>\n<li>Threema: PR954KE4<\/li>\n<li>Alternativ auch Signal, aber zuvor mich bitte anmailen,<\/li>\n<li>PGP: Hier die <a href=\"https:\/\/keyserver.ubuntu.com\/pks\/lookup?op=vindex&amp;search=schulzki-haddouti&amp;fingerprint=on\">Liste all meiner Schl\u00fcssel<\/a> &#8211; bitte immer nur den jeweils j\u00fcngsten nehmen!\u00a0Im Moment ist das\u00a0<a href=\"https:\/\/keyserver.ubuntu.com\/pks\/lookup?op=get&amp;search=0x8B6D3EF3339DB68B\">dieser<\/a> mit dem\u00a0Fingerprint: 1FE7 6EF6 0423 90D9 3B52 9F71 8B6D 3EF3 339D B68B<\/li>\n<\/ul>\n<p>Umsatzsteuer-Identifikationsnummer: DE211972546<\/p>\n<p><strong>Missbrauch der Impressumsinformationen<\/strong><\/p>\n<p>Der Nutzung von im Rahmen der Impressumspflicht ver\u00f6ffentlichten Kontaktdaten durch Dritte zur \u00dcbersendung von nicht ausdr\u00fccklich angeforderter Werbung und Informationsmaterialien wird hiermit ausdr\u00fccklich widersprochen. Ich behalte mir ausdr\u00fccklich rechtliche Schritte im Falle der unverlangten Zusendung von Werbeinformationen, etwa durch Spam-Mails, vor.<\/p>\n<p><strong>Kommentarpolicy<\/strong><\/p>\n<p><em>Derzeit sind keine Kommentare m\u00f6glich.<\/em><\/p>\n<p>Ansonsten gilt: Kommentare, die der Diskussion dienen, sind ausdr\u00fccklich erw\u00fcnscht. Sie geben die Auffassung der jeweiligen Verfasser wieder.<\/p>\n<p>Ich behalte es mir vor Beitr\u00e4ge, insbesondere von anonymen Kommentatoren, nicht freizuschalten. Dies ist insbesondere dann der Fall, wenn sie diffamierende \u00c4u\u00dferungen oder nicht direkt zum angesprochenen Thema geh\u00f6rende Inhalte enthalten.<\/p>\n<p>Schalten Sie kommerzielle Werbung \u00fcber die Kommentarleiste, berechne ich dies mit einem TKP von 100 Euro. Versuchen Sie unter Pseudonym SEO-Kommentare zu platzieren, berechnen wir dies dem Besitzer der jeweiligen Spam-Domain im Wiederholungsfall mit einem TKP von 500 Euro. Der Preis bezieht sich hierbei auf die Gesamtabrufe des kommentierten Artikels \u2013 sichtbar in den angezeigten \u201cviews\u201d. SEO-Kommentare erwerben mit Zahlung des Betrags keinen Anspruch auf Ver\u00f6ffentlichung.<\/p>\n<p>Da ich diese Website auf privater Basis betreibe, kann es unter Umst\u00e4nden sein, dass es einige Tage dauert, bis ein Kommentar frei geschaltet ist.<\/p>\n<p>Trotz sorgf\u00e4ltiger inhaltlicher Kontrolle \u00fcbernehme ich keine Haftung f\u00fcr die Inhalte externer Links. F\u00fcr den Inhalt der verlinkten Seiten sind ausschlie\u00dflich deren Betreiber verantwortlich.<\/p>\n<p><strong>Urheberrechtspolicy<\/strong><\/p>\n<p>Die Inhalte dieser Website d\u00fcrfen\u00a0nur nach Absprache mit mir genutzt werden, au\u00dfer sie sind anders, etwa \u00fcber eine CC-Lizenz, gekennzeichnet.<\/p>\n","protected":false},"excerpt":{"rendered":"<p>Christiane Schulzki-Haddouti Postanschrift: Postfach 201210 53142 Bonn E-Mail Threema: PR954KE4 Alternativ auch Signal, aber zuvor mich bitte anmailen, PGP: Hier die Liste all meiner Schl\u00fcssel &#8211; bitte immer nur den jeweils j\u00fcngsten nehmen!\u00a0Im Moment ist das\u00a0dieser mit dem\u00a0Fingerprint: 1FE7 6EF6 0423 90D9 3B52 9F71 8B6D 3EF3 339D B68B Umsatzsteuer-Identifikationsnummer: DE211972546 Missbrauch der Impressumsinformationen Der Nutzung &hellip; <a href=\"https:\/\/schulzki-haddouti.de\/?page_id=8\" class=\"more-link\"><span class=\"screen-reader-text\">Kontakt<\/span> weiterlesen <span class=\"meta-nav\">&rarr;<\/span><\/a><\/p>\n","protected":false},"author":1,"featured_media":0,"parent":0,"menu_order":0,"comment_status":"closed","ping_status":"closed","template":"","meta":[],"_links":{"self":[{"href":"https:\/\/schulzki-haddouti.de\/index.php?rest_route=\/wp\/v2\/pages\/8"}],"collection":[{"href":"https:\/\/schulzki-haddouti.de\/index.php?rest_route=\/wp\/v2\/pages"}],"about":[{"href":"https:\/\/schulzki-haddouti.de\/index.php?rest_route=\/wp\/v2\/types\/page"}],"author":[{"embeddable":true,"href":"https:\/\/schulzki-haddouti.de\/index.php?rest_route=\/wp\/v2\/users\/1"}],"replies":[{"embeddable":true,"href":"https:\/\/schulzki-haddouti.de\/index.php?rest_route=%2Fwp%2Fv2%2Fcomments&post=8"}],"version-history":[{"count":35,"href":"https:\/\/schulzki-haddouti.de\/index.php?rest_route=\/wp\/v2\/pages\/8\/revisions"}],"predecessor-version":[{"id":1260,"href":"https:\/\/schulzki-haddouti.de\/index.php?rest_route=\/wp\/v2\/pages\/8\/revisions\/1260"}],"wp:attachment":[{"href":"https:\/\/schulzki-haddouti.de\/index.php?rest_route=%2Fwp%2Fv2%2Fmedia&parent=8"}],"curies":[{"name":"wp","href":"https:\/\/api.w.org\/{rel}","templated":true}]}}