{"id":35,"date":"2011-02-25T21:58:48","date_gmt":"2011-02-25T21:58:48","guid":{"rendered":"http:\/\/schulzki-haddouti.de\/?page_id=35"},"modified":"2018-05-29T14:38:35","modified_gmt":"2018-05-29T14:38:35","slug":"interviews","status":"publish","type":"page","link":"https:\/\/schulzki-haddouti.de\/?page_id=35","title":{"rendered":"Interviews"},"content":{"rendered":"<p><em>Ich werde immer wieder zu Fragen des Medienwandels, des Datenschutzes, der Transparenz und anderen soziotechnischen Themen der Informationsgesellschaft kontaktiert.\u00a0Hier finden sich einige\u00a0Erw\u00e4hnungen in der aktuellen Berichterstattung.<\/em><\/p>\n<div id=\"329049\" class=\"item noBorder\">\n<h3><a href=\"http:\/\/swrmediathek.de\/player.htm?show=c2837cc0-1ed2-11e4-94a2-0026b975f2e6\" target=\"_blank\" rel=\"nofollow\">Gutes Google, b\u00f6ses Google!?<\/a><\/h3>\n<p class=\"meta\"><span class=\"publicationName\">SWR2 Journal am Morgen<\/span> <span class=\"publicationDate\">Aug 8, 2014<\/span><\/p>\n<p class=\"comment\"><a href=\"http:\/\/www.publish2.com\/users\/christiane-schulzki-haddouti\">Christiane Schulzki-Haddouti<\/a> said: \u00dcber Datamining-Methoden der Konzerne und Konsequenzen f\u00fcr die Strafverfolgung<\/p>\n<p class=\"tags\"><a href=\"http:\/\/www.publish2.com\/newsgroups\/christiane-schulzki-haddouti-links\/published_links\/wie-funktioniert-vergessen-werden\/328337\">May 20, 2014<\/a><\/p>\n<\/div>\n<div id=\"328337\" class=\"item\">\n<h3><a href=\"http:\/\/www.swr.de\/swr2\/kultur-info\/kulturgespraech\/datenschutz-und-persoenlichkeitsrechte-im-internet\/-\/id=9597128\/did=13401494\/nid=9597128\/9ebcze\/index.html\" target=\"_blank\" rel=\"nofollow\">Wie funktioniert &#8222;Vergessen werden&#8220;?<\/a><\/h3>\n<p class=\"meta\"><span class=\"publicationName\">SWR 2 Kulturgespr\u00e4ch<\/span> <span class=\"publicationDate\">May 16, 2014<\/span><\/p>\n<p class=\"comment\"><a href=\"http:\/\/www.publish2.com\/users\/christiane-schulzki-haddouti\">Christiane Schulzki-Haddouti<\/a> said: Die Suchmaschine Google darf demnach personenbezogene Daten k\u00fcnftig nicht mehr anzeigen, wenn die Pers\u00f6nlichkeitsrechte des Einzelnen durch die Inhalte verletzt werden. Meine bescheidene Einsch\u00e4tzung.<\/p>\n<p class=\"tags\"><a href=\"http:\/\/www.publish2.com\/newsgroups\/christiane-schulzki-haddouti-links\/published_links\/das-recht-auf-informationelle-selbstbestimmung\/327880\">Apr 8, 2014<\/a><\/p>\n<\/div>\n<div id=\"327880\" class=\"item\">\n<h3><a href=\"http:\/\/www.swr.de\/swr2\/programm\/sendungen\/wissen\/archiv\/das-recht-auf-informationelle-selbstbestimmung\/-\/id=660334\/did=13180376\/nid=660334\/eav1rw\/\" target=\"_blank\" rel=\"nofollow\">Das Recht auf informationelle Selbstbestimmung<\/a><\/h3>\n<p class=\"meta\"><span class=\"publicationName\">SWR 2<\/span> <span class=\"publicationDate\">Apr 8, 2014<\/span><\/p>\n<\/div>\n<div id=\"327417\" class=\"item\"><\/div>\n<div id=\"300382\" class=\"item\"><\/div>\n","protected":false},"excerpt":{"rendered":"<p>Ich werde immer wieder zu Fragen des Medienwandels, des Datenschutzes, der Transparenz und anderen soziotechnischen Themen der Informationsgesellschaft kontaktiert.\u00a0Hier finden sich einige\u00a0Erw\u00e4hnungen in der aktuellen Berichterstattung. Gutes Google, b\u00f6ses Google!? SWR2 Journal am Morgen Aug 8, 2014 Christiane Schulzki-Haddouti said: \u00dcber Datamining-Methoden der Konzerne und Konsequenzen f\u00fcr die Strafverfolgung May 20, 2014 Wie funktioniert &#8222;Vergessen &hellip; <a href=\"https:\/\/schulzki-haddouti.de\/?page_id=35\" class=\"more-link\"><span class=\"screen-reader-text\">Interviews<\/span> weiterlesen <span class=\"meta-nav\">&rarr;<\/span><\/a><\/p>\n","protected":false},"author":1,"featured_media":0,"parent":0,"menu_order":0,"comment_status":"closed","ping_status":"closed","template":"","meta":[],"_links":{"self":[{"href":"https:\/\/schulzki-haddouti.de\/index.php?rest_route=\/wp\/v2\/pages\/35"}],"collection":[{"href":"https:\/\/schulzki-haddouti.de\/index.php?rest_route=\/wp\/v2\/pages"}],"about":[{"href":"https:\/\/schulzki-haddouti.de\/index.php?rest_route=\/wp\/v2\/types\/page"}],"author":[{"embeddable":true,"href":"https:\/\/schulzki-haddouti.de\/index.php?rest_route=\/wp\/v2\/users\/1"}],"replies":[{"embeddable":true,"href":"https:\/\/schulzki-haddouti.de\/index.php?rest_route=%2Fwp%2Fv2%2Fcomments&post=35"}],"version-history":[{"count":30,"href":"https:\/\/schulzki-haddouti.de\/index.php?rest_route=\/wp\/v2\/pages\/35\/revisions"}],"predecessor-version":[{"id":1059,"href":"https:\/\/schulzki-haddouti.de\/index.php?rest_route=\/wp\/v2\/pages\/35\/revisions\/1059"}],"wp:attachment":[{"href":"https:\/\/schulzki-haddouti.de\/index.php?rest_route=%2Fwp%2Fv2%2Fmedia&parent=35"}],"curies":[{"name":"wp","href":"https:\/\/api.w.org\/{rel}","templated":true}]}}