{"id":343,"date":"2011-03-04T09:32:23","date_gmt":"2011-03-04T09:32:23","guid":{"rendered":"http:\/\/schulzki-haddouti.de\/?page_id=343"},"modified":"2018-05-29T14:38:32","modified_gmt":"2018-05-29T14:38:32","slug":"faktoren-fur-qualitatsjournalismus","status":"publish","type":"page","link":"https:\/\/schulzki-haddouti.de\/?page_id=343","title":{"rendered":"Faktoren f\u00fcr Qualit\u00e4tsjournalismus"},"content":{"rendered":"<p><strong>Christiane Schulzki-Haddouti, Miriam Bunjes, Geribert Jakob (2009):\u00a0Begrenzter Journalismus. Was beeinflusst die Entfaltung eines Qualit\u00e4tsjournalismus. <\/strong>Analyse im Auftrag des 14. Mainzer Mediendisputs.<\/p>\n<p>Die\u00a0<a href=\"http:\/\/www.mediendisput.de\/downloads\/Begrenzter%20Journalismus.pdf\">Mediendisput-Analyse<\/a>, die ich gemeinsam mit Miriam Bunjes und Geribert Jakob im Herbst 2009\u00a0<a href=\"http:\/\/blog.kooptech.de\/2009\/10\/rapid-collaborative-writing\/\">erstellt<\/a> habe, basiert auf Literaturrecherche sowie auf Interviews mit Theoretikern wie Praktikern. Im Ergebnis macht sie zehn mehrfach miteinander verkn\u00fcpfte\u00a0Faktoren sichtbar,\u00a0die sich essenziell auf die G\u00fcte und die mittel- und\u00a0langfristigen Rahmenbedingungen der journalistischen\u00a0Arbeit und ihrer Ergebnisse auswirken.<\/p>\n<p>Deutlich wird\u00a0dabei, dass sich die allermeisten dieser\u00a0Faktoren\u00a0in den\u00a0letzten Jahren negativ entwickelt haben. Neu ist aber nicht die Entwicklungrichtung der einzelnen\u00a0Faktoren, sondern die hier vorgenommene Zusammenschau der\u00a0Faktoren, die zeigt, dass es mehrere begr\u00fcndete Anl\u00e4sse zur Sorge um den Journalismus gibt. Die Digitalisierung, die in der Diskussion zurzeit im Vordergrund steht, kann hierbei als Beschleunigungs- und Transformationsfaktor gleichma\u00dfen verstanden werden.<\/p>\n<p>Die zehn\u00a0<strong>Faktoren<\/strong>, die guten Journalismus beeinflussen:<\/p>\n<ul>\n<li><strong>Geld<\/strong>: Die knapper werdenden finanziellen Ressourcen\u00a0f\u00fchren in den Redaktionen zu einem Abbau des\u00a0Personals und bei freien Journalisten \u00fcber weniger\u00a0Auftr\u00e4ge und Honorardumping zu einem niedrigerem\u00a0Einkommen.<\/li>\n<li><strong>Zeit<\/strong>: Es steht aufgrund des erh\u00f6hten finanziellen\u00a0Drucks immer weniger Zeit f\u00fcr Recherche und Qualit\u00e4tssicherungsma\u00dfnahmen\u00a0zur Verf\u00fcgung.<\/li>\n<li><strong>Routinen<\/strong>: Die Selektionskriterien von Journalisten\u00a0k\u00f6nnen zu einer systematischen Vernachl\u00e4ssigung\u00a0von Themen f\u00fchren, die f\u00fcr die Bev\u00f6lkerung relevant\u00a0sind. Die Recherche als Routine wird zunehmend\u00a0abgebaut.<\/li>\n<li><strong>Organisation<\/strong>: Redaktionen wurden in den letzten\u00a0Jahren aufgrund des erh\u00f6hten finanziellen Drucks\u00a0umorganisiert. Eine erste Studie zeigt, dass die\u00a0Annahme, dass diese Umorganisationen mit Qualit\u00e4tsverbesserungen\u00a0einhergehen, in Frage gestellt\u00a0werden muss.<\/li>\n<li><strong>Recht<\/strong>: Zahlreiche Gesetze haben in den letzten Jahren\u00a0das Redaktionsgeheimnis und den Informantenschutz\u00a0geschw\u00e4cht. Juristische Auseinandersetzungen\u00a0um Unterlassungsklagen h\u00e4ufen sich. Das\u00a0Akteneinsichtsrecht wird noch zu wenig in der Praxis\u00a0genutzt bzw. die Nutzung wird von Beh\u00f6rden oftmals\u00a0blockiert. \u00c4nderungen im Urheberrecht f\u00fchrten zu\u00a0einer Schw\u00e4chung der Urheber zugunsten von Sendern\u00a0und Verlagen.<\/li>\n<li><strong>Bildung<\/strong>: Die soziale Herkunft der Journalisten vornehmlich\u00a0aus der Mittelschicht f\u00fchrt zu einem Mainstream-Journalismus. Das Ausbildungssystem begegnet\u00a0derzeit der Herausbildung elit\u00e4rer Zirkel nicht, um\u00a0einen anwaltschaftlichen Journalismus zu vermitteln.<\/li>\n<li><strong>Selbstverst\u00e4ndnis<\/strong>: Die Ko-Orientierung der medialen\u00a0Elite f\u00fchrt zu einer von den gesellschaftlichen\u00a0Bed\u00fcrfnissen abgehobenen Berichterstattung \u2013 und\u00a0zur Vernachl\u00e4ssigung relevanter Themen oder Themenzug\u00e4nge.\u00a0Der erh\u00f6hte finanzielle Druck l\u00e4sst\u00a0Journalisten ihr\u00a0<a href=\"http:\/\/blog.kooptech.de\/2009\/11\/haltung-als-journalistische-kernkompetenz\">Selbstverst\u00e4ndnis<\/a> zunehmend in den\u00a0Hintergrund stellen.<\/li>\n<li><strong>Eigentum<\/strong>: Im Bereich der Lokalzeitungen ist der\u00a0Markt gefestigt; Wettbewerb findet nur noch punktuell\u00a0statt. Eigent\u00fcmerwechsel und Kostenreduzierung\u00a0bleiben als letzte Ma\u00dfnahmen, um dem finanziellen\u00a0Druck zu begegnen. Au\u00dferdem ist zu beobachten,\u00a0dass Publikationen und Sendungen in medienpolitischen\u00a0Streitfragen f\u00fcr die eigenen Verlags- oder\u00a0Betreiberinteressen eingespannt werden.<\/li>\n<li><strong>Public Relations<\/strong>: Der Anteil der PR-beeinflussten\u00a0Beitr\u00e4ge im redaktionellen Teil nimmt deutlich zu.\u00a0Journalistische Inhalte werden immer h\u00e4ufiger als\u00a0Umfeld f\u00fcr Werbekunden betrachtet. Die Grenzen\u00a0zwischen Redaktion und Anzeigen verwischen\u00a0zunehmend. Berufsst\u00e4ndische und sonstige journalistische\u00a0Interessenvertretungen und Verb\u00fcnde k\u00f6nnen\u00a0sich aber nicht auf eine einheitliche Linie in der\u00a0Definition ethischer Grunds\u00e4tze einigen.<\/li>\n<li><strong>Digitalisierung<\/strong>: Die Beteiligungsbarrieren f\u00fcr Laien\u00a0sinken, die Medien verlieren ihre Gatekeeper-Funktionen.\u00a0Junge Nutzer und Intensiv-Leser wenden sich\u00a0verst\u00e4rkt den Online-Medien zu. Dabei ignorieren sie\u00a0zunehmend das Inhalte-Bundling von Anbietern. Es\u00a0entstehen deterritorialisierte Kommunikationsr\u00e4ume.<\/li>\n<\/ul>\n<p>Die in den\u00a0Faktoren jeweils aufzufindenden Details verdichten\u00a0sich auf folgende drei gleich gewichtige Kernprobleme,\u00a0n\u00e4mlich:<\/p>\n<ul>\n<li>der Erhaltung unabh\u00e4ngiger Berichterstattung bei\u00a0Gef\u00e4hrdung durch subtile Einschr\u00e4nkungen der Berichterstattungsfreiheit,<\/li>\n<li>der Erhaltung der G\u00fcte journalistischer Arbeitsergebnisse\u00a0bei Gef\u00e4hrdung durch Verknappung essenziell\u00a0notwendiger Ressourcen sowie<\/li>\n<li>der Erhaltung der gesellschaftlichen Funktion journalistischer\u00a0T\u00e4tigkeit, die durch erodierende Nachrichtenm\u00e4rkte,\u00a0interne wie externe Einflussnahme und\u00a0ver\u00e4ndertes Rezipientenverhalten insbesondere in\u00a0der j\u00fcngeren Generation gef\u00e4hrdet ist.<\/li>\n<\/ul>\n<p>In unserer Analyse haben wir zu jedem einzelnen Faktor eine Reihe von L\u00f6sungsvorschl\u00e4gen vorgestellt.<\/p>\n<p>&nbsp;<\/p>\n","protected":false},"excerpt":{"rendered":"<p>Christiane Schulzki-Haddouti, Miriam Bunjes, Geribert Jakob (2009):\u00a0Begrenzter Journalismus. Was beeinflusst die Entfaltung eines Qualit\u00e4tsjournalismus. Analyse im Auftrag des 14. Mainzer Mediendisputs. Die\u00a0Mediendisput-Analyse, die ich gemeinsam mit Miriam Bunjes und Geribert Jakob im Herbst 2009\u00a0erstellt habe, basiert auf Literaturrecherche sowie auf Interviews mit Theoretikern wie Praktikern. Im Ergebnis macht sie zehn mehrfach miteinander verkn\u00fcpfte\u00a0Faktoren sichtbar,\u00a0die sich &hellip; <a href=\"https:\/\/schulzki-haddouti.de\/?page_id=343\" class=\"more-link\"><span class=\"screen-reader-text\">Faktoren f\u00fcr Qualit\u00e4tsjournalismus<\/span> weiterlesen <span class=\"meta-nav\">&rarr;<\/span><\/a><\/p>\n","protected":false},"author":1,"featured_media":0,"parent":329,"menu_order":0,"comment_status":"closed","ping_status":"open","template":"","meta":[],"_links":{"self":[{"href":"https:\/\/schulzki-haddouti.de\/index.php?rest_route=\/wp\/v2\/pages\/343"}],"collection":[{"href":"https:\/\/schulzki-haddouti.de\/index.php?rest_route=\/wp\/v2\/pages"}],"about":[{"href":"https:\/\/schulzki-haddouti.de\/index.php?rest_route=\/wp\/v2\/types\/page"}],"author":[{"embeddable":true,"href":"https:\/\/schulzki-haddouti.de\/index.php?rest_route=\/wp\/v2\/users\/1"}],"replies":[{"embeddable":true,"href":"https:\/\/schulzki-haddouti.de\/index.php?rest_route=%2Fwp%2Fv2%2Fcomments&post=343"}],"version-history":[{"count":4,"href":"https:\/\/schulzki-haddouti.de\/index.php?rest_route=\/wp\/v2\/pages\/343\/revisions"}],"predecessor-version":[{"id":1055,"href":"https:\/\/schulzki-haddouti.de\/index.php?rest_route=\/wp\/v2\/pages\/343\/revisions\/1055"}],"up":[{"embeddable":true,"href":"https:\/\/schulzki-haddouti.de\/index.php?rest_route=\/wp\/v2\/pages\/329"}],"wp:attachment":[{"href":"https:\/\/schulzki-haddouti.de\/index.php?rest_route=%2Fwp%2Fv2%2Fmedia&parent=343"}],"curies":[{"name":"wp","href":"https:\/\/api.w.org\/{rel}","templated":true}]}}