{"id":324,"date":"2011-03-04T08:45:42","date_gmt":"2011-03-04T08:45:42","guid":{"rendered":"http:\/\/schulzki-haddouti.de\/?page_id=324"},"modified":"2021-11-23T09:23:36","modified_gmt":"2021-11-23T09:23:36","slug":"bucher","status":"publish","type":"page","link":"https:\/\/schulzki-haddouti.de\/?page_id=324","title":{"rendered":"B\u00fccher"},"content":{"rendered":"<p><strong>Monographien<\/strong><\/p>\n<ul>\n<li><a href=\"https:\/\/www.plattform-lernende-systeme.de\/files\/Downloads\/Publikationen\/PLS_KI_und_Nachhaltigkeit_2021.pdf\">Christiane Schulzki-Haddouti (2021): KI und Nachhaltigkeit. Ein Diskussionsbeitrag f\u00fcr die Plattform Lernende Systeme<\/a>, M\u00fcnchen.<\/li>\n<li><a href=\"http:\/\/schulzki-haddouti.de\/?page_id=246\">Christiane Schulzki-Haddouti (2004): Im Netz der inneren Sicherheit.<\/a> Europ\u00e4ische Verlagsanstalt<\/li>\n<li><a href=\"http:\/\/schulzki-haddouti.de\/?page_id=248\">Christiane Schulzki-Haddouti (2001): Datenjagd im Internet.<\/a> Hamburg: Rotbuch-Verlag<\/li>\n<\/ul>\n<p><strong>Herausgegebene B\u00e4nde \/ Reader<\/strong><\/p>\n<ul>\n<li><a href=\"http:\/\/schulzki-haddouti.de\/?page_id=250\">Horst Poettker, Christiane Schulzki-Haddouti (Hrsg.) (2007):\u00a0Verschwiegen? Verdr\u00e4ngt? Vergessen?<\/a> Zehn Jahre \u201cInitiative Nachrichtenaufkl\u00e4rung\u201d. VS-Verlag<\/li>\n<li><a href=\"http:\/\/schulzki-haddouti.de\/?page_id=244\">Christiane Schulzki-Haddouti (Hrsg.) (2003): B\u00fcrgerrechte im Netz.<\/a> Bonn: Bundeszentrale f\u00fcr politische Bildung<\/li>\n<li><a href=\"http:\/\/schulzki-haddouti.de\/?page_id=242\">Christiane Schulzki-Haddouti (Hrsg.) (2001). Vom Ende der Anonymit\u00e4t.<\/a> Hannover: Heise Verlag, 2. Auflage<\/li>\n<\/ul>\n<p><strong>Buchbeitr\u00e4ge<\/strong><\/p>\n<ul>\n<li>Schulzki-Haddouti, Christiane (2016): Des Kaisers neue Kleider. In: &#8222;Zukunft der informationellen Selbstbestimmung&#8220;, Schriftenreihe &#8222;DatenDebatten&#8220; der Stiftung Datenschutz (Hrsg.), Bd. 1, Erich-Schmidt-Verlag, Berlin, 2016<\/li>\n<li>Krystian Woznicki, Christiane Schulzki-Haddouti, Magdalena Taube, Andi Weiland (2013): : CPJ: Project on the Media and Public Sphere in Times of Disaster Industries. In: <a href=\"http:\/\/www.peterlang.com\/download\/datasheet\/61425\/datasheet_261906.pdf\">Milev Yana (ed.): D.A. A Transdisciplinary Handbook of Design Anthropology<\/a>. Peter Lang<\/li>\n<li><a href=\"http:\/\/schulzki-haddouti.de\/?p=709\">Schulzki-Haddouti, Christiane (2012):\u00a0Leaking-Sites und Plagiatewikis: Erweiterung der \u00d6ffentlichkeit<\/a>. In: <a href=\"http:\/\/www.boell.de\/publikationen\/publikationen-publikation-journalismus-neue-medien-oeffentlichkeit-im-wandel.html\">Heinrich-B\u00f6ll-Stiftung: \u00d6ffentlichkeit im Wandel. Medien, Internet, Journalismus<\/a>. Schriftenreihe \u00a0zu Bildung und Kultur, Band 11, S. 59-66<\/li>\n<li><a href=\"http:\/\/universaar.uni-saarland.de\/monographien\/volltexte\/2012\/87\">Schulzki-Haddouti, Christiane (2012): Wikileaks und das Ideal der\u00a0\u00d6ffentlichkeit. In Ulrich Herb (Hrsg.): Open Initiatives:\u00a0Offenheit in der digitalen Welt und Wissenschaft. Saarbr\u00fccken: universaar<\/a>,\u00a0S. 185-203.\u00a0URN: urn:nbn:de:bsz:291-universaar-873<\/li>\n<li><a href=\"http:\/\/schulzki-haddouti.de\/?p=62\">Christiane Schulzki-Haddouti and Mirjam Bunjes (2011): News Enlightenment in Germany.<\/a> In:\u00a0Peter Ludes (Ed.) (2011): Algorithms of Power \u2013 Key Invisibles, p. 192-200<\/li>\n<li>Christiane Schulzki-Haddouti (2007):\u00a0Auf in den Wilden Osten. In: Jens Wernicke, Torsten Bultmann (Hg): Netzwerk der Macht \u2013 Bertelsmann, BdWi 2007<\/li>\n<li>Christiane Schulzki-Haddouti (2007):\u00a0Gl\u00e4serner B\u00fcrger 2.0. In: Nils Zurawski (Hg.): Surveillance Studies. Perspektiven eines Forschungsfeldes. Budrich 2007, S. 25-32<\/li>\n<li>Christiane Schulzki-Haddouti (2005): B\u00fcrgerrechte im Netz. Zwischen Informationsfreiheit und Datenschutz. In: Kai Lehmann, Michael Schetsche (Hrsg.) (2005): Die Google-Gesellschaft. Vom digitalen Wandel des Wissens. Bielefeld: transcript. S. 141-150<\/li>\n<li>Christiane Schulzki-Haddouti (2003):\u00a0Klick ins Ungewisse. In: B\u00e4umler\/Mutius (Hrsg.): Anonymit\u00e4t im Internet, Vieweg-Verlag<\/li>\n<li>Christiane Schulzki-Haddouti (2003):\u00a0 Vernachl\u00e4ssigte Nachrichten und die Initiative Nachrichtenaufkl\u00e4rung. In: Rosenthal, Claudius (Hrsg.): Zensur. Sankt Augustin: Konrad-Adenauer-Stiftung e.V.<\/li>\n<li>Christiane Schulzki-Haddouti (2003):\u00a0Ida Pfeiffer. In: Het is geen kolonie, het is een wereld, Vrouwen bereizen en beschrijven Indi\u00eb 1852 \u2013 1912, Terra Incognita: Amsterdam 2003<\/li>\n<li>Christiane Schulzki-Haddouti (2002):\u00a0Gefahren aus dem Netz. In: M\u00fcnker\/Roesler (Hrsg.): Praxis Internet, edition suhrkamp, 2002<\/li>\n<li>Christiane Schulzki-Haddouti (2001):\u00a0Internationale Abh\u00f6rpolitik. In: Holznagel\/Nelles\/Sokol: Die neue TK\u00dcV, Verlag C.H. Beck, 2001<\/li>\n<li>Christiane Schulzki-Haddouti (2001):\u00a0Digitale Freih\u00e4fen. In: Medosch\/R\u00f6ttgers (Hrsg.): Netzpiraten, Heise 2001<\/li>\n<li>Christiane Schulzki-Haddouti (2000):\u00a0Unsichtbar und raffiniert \u2013 die verdeckten Ermittlungen der kleinen Schwestern. In: B\u00e4umler (Hrsg.): E-Privacy, Vieweg 2000<\/li>\n<\/ul>\n","protected":false},"excerpt":{"rendered":"<p>Monographien Christiane Schulzki-Haddouti (2021): KI und Nachhaltigkeit. Ein Diskussionsbeitrag f\u00fcr die Plattform Lernende Systeme, M\u00fcnchen. Christiane Schulzki-Haddouti (2004): Im Netz der inneren Sicherheit. Europ\u00e4ische Verlagsanstalt Christiane Schulzki-Haddouti (2001): Datenjagd im Internet. Hamburg: Rotbuch-Verlag Herausgegebene B\u00e4nde \/ Reader Horst Poettker, Christiane Schulzki-Haddouti (Hrsg.) (2007):\u00a0Verschwiegen? Verdr\u00e4ngt? Vergessen? Zehn Jahre \u201cInitiative Nachrichtenaufkl\u00e4rung\u201d. VS-Verlag Christiane Schulzki-Haddouti (Hrsg.) (2003): B\u00fcrgerrechte &hellip; <a href=\"https:\/\/schulzki-haddouti.de\/?page_id=324\" class=\"more-link\"><span class=\"screen-reader-text\">B\u00fccher<\/span> weiterlesen <span class=\"meta-nav\">&rarr;<\/span><\/a><\/p>\n","protected":false},"author":1,"featured_media":0,"parent":6,"menu_order":0,"comment_status":"closed","ping_status":"closed","template":"","meta":[],"_links":{"self":[{"href":"https:\/\/schulzki-haddouti.de\/index.php?rest_route=\/wp\/v2\/pages\/324"}],"collection":[{"href":"https:\/\/schulzki-haddouti.de\/index.php?rest_route=\/wp\/v2\/pages"}],"about":[{"href":"https:\/\/schulzki-haddouti.de\/index.php?rest_route=\/wp\/v2\/types\/page"}],"author":[{"embeddable":true,"href":"https:\/\/schulzki-haddouti.de\/index.php?rest_route=\/wp\/v2\/users\/1"}],"replies":[{"embeddable":true,"href":"https:\/\/schulzki-haddouti.de\/index.php?rest_route=%2Fwp%2Fv2%2Fcomments&post=324"}],"version-history":[{"count":17,"href":"https:\/\/schulzki-haddouti.de\/index.php?rest_route=\/wp\/v2\/pages\/324\/revisions"}],"predecessor-version":[{"id":1187,"href":"https:\/\/schulzki-haddouti.de\/index.php?rest_route=\/wp\/v2\/pages\/324\/revisions\/1187"}],"up":[{"embeddable":true,"href":"https:\/\/schulzki-haddouti.de\/index.php?rest_route=\/wp\/v2\/pages\/6"}],"wp:attachment":[{"href":"https:\/\/schulzki-haddouti.de\/index.php?rest_route=%2Fwp%2Fv2%2Fmedia&parent=324"}],"curies":[{"name":"wp","href":"https:\/\/api.w.org\/{rel}","templated":true}]}}