{"id":27,"date":"2011-02-25T19:41:34","date_gmt":"2011-02-25T19:41:34","guid":{"rendered":"http:\/\/schulzki-haddouti.de\/?page_id=27"},"modified":"2025-08-02T14:51:40","modified_gmt":"2025-08-02T14:51:40","slug":"cv","status":"publish","type":"page","link":"https:\/\/schulzki-haddouti.de\/?page_id=27","title":{"rendered":"Werdegang"},"content":{"rendered":"<p><a href=\"http:\/\/schulzki-haddouti.de\/?page_id=2\">Zum T\u00e4tigkeitsprofil<\/a><\/p>\n<ul>\n<li>Mitglied des Vorstands der RiffReporter eG seit November 2024, zuvor\u00a0Mitglied des Aufsichtrats der RiffReporter eG; seit 2017 journalistisches Mitglied und aktiv in den Recherche-Kollektiven KlimaSocial, Klima &amp; Wandel, Plan G und Busy Streets.<\/li>\n<li>Freie Journalistin seit 1996, Publikationen in rund 50 teilweise f\u00fchrenden Medien<\/li>\n<li>Seit 2017 Mitglied und Autorin bei Riffreporter.de, Mit-Gr\u00fcnderin der Riffreporter-Magazine &#8222;KlimaSocial&#8220; und &#8222;Klima wandeln&#8220;.<\/li>\n<li>F\u00fcr das mittlerweile eingestellte\u00a0<a href=\"http:\/\/blog.zdf.de\/hyperland\/author\/schulzki-c\/\">ZDF Hyperland-Blog<\/a>\u00a0schrieb sie mehrere Jahre, f\u00fcr ZEIT online bloggte sie von 2010 bis 2011 im \u00a0<a href=\"http:\/\/blog.zeit.de\/kulturkampf\/author\/christiane-schulzki-haddouti\/\">Kulturkampf-Blog<\/a>, f\u00fcr die zwangseingestellte\u00a0<a href=\"http:\/\/www.fuzo-archiv.at\/suche\/?query=haddouti&amp;von=20.04.1999&amp;bis=30.09.2010\">ORF-Futurezone<\/a> schrieb sie 2009 und 2010.<\/li>\n<li>Wissenschaftliche Mitarbeiterin von pol-di.net e.V. f\u00fcr das Projekt\u00a0 &#8222;Digitale Pioniere. Soziale Innovationen in Neuen Medien&#8220;, 9\/2008 bis 2\/2009<\/li>\n<li>Wissenschaftliche Mitarbeiterin der Hochschule Darmstadt am Fachbereich Media, Februar 2007 bis Mai 2008 f\u00fcr das Projekt\u00a0&#8222;<a href=\"http:\/\/www.kooptech.de\/\">Kooperative Technologien&#8220;<\/a><\/li>\n<li>Dozentin am\u00a0<a href=\"http:\/\/www.ifk.uni-bonn.de\">Institut f\u00fcr Kommunikationswissenschaften der Universit\u00e4t Bonn<\/a>\u00a0( SS 2005 &#8211; SS 2007)<\/li>\n<li>Dozentin am\u00a0<a href=\"http:\/\/www.fb15.uni-dortmund.de\/ifj\/\">Institut f\u00fcr Journalistik der Technischen Universit\u00e4t Dortmund<\/a> (WS 2002\/03 &#8211; WS 2004\/05)<\/li>\n<li>Kolumnistin f\u00fcr\u00a0<a href=\"http:\/\/www.spiegel.de\/netzwelt\/\">Spiegel Online<\/a>\u00a0(1999-2000)<\/li>\n<li>Korrespondentin des\u00a0<a href=\"http:\/\/www.heise.de\/\">Heise-Verlags<\/a> (c\u00b4t, telepolis) (1997-1999)<\/li>\n<li>Projektleiterin Internet (Cybertagebuch,\u00a0Erlebte Geschichte, u.a.), Jugendkunstwerkstatt e.V. Koblenz (1996-1998)<\/li>\n<\/ul>\n<p><strong>Ausbildung<\/strong><\/p>\n<ul>\n<li>Studium der\u00a0<a href=\"http:\/\/www.uni-hildesheim.de\/FB\/FB2\/\">Kulturp\u00e4dagogik in Hildesheim<\/a>, Hauptfach: Medien\/Literatur, Nebenfach: \u00c4sthetische Kommunikation, Beif\u00e4cher: Politik, Soziologie (1990-1994),\u00a0Diplom 1995: <a href=\"http:\/\/schulzki-haddouti.de\/wp-content\/uploads\/2011\/08\/DIPLOM.pdf\">\u201eIdentit\u00e4t und Wahrnehmung bei Ida von Hahn-Hahn und Ida Pfeiffer anhand ihrer Orientberichte\u201c<\/a> (PDF)<\/li>\n<li>Ausbildung als Industriekauffrau (&#8222;Stammhauslehre&#8220;), Siemens AG<\/li>\n<\/ul>\n<p><strong>Sonstiges<\/strong><\/p>\n<ul>\n<li>11\/2006 bis 6\/2008 Vorstandsmitglied des\u00a0<a href=\"http:\/\/www.whistleblower-netzwerk.de\/\">Whistleblower-Netzwerk e.V.<\/a><\/li>\n<li>2000 bis 2015 Jury-Mitglied der &#8222;<a href=\"http:\/\/www.nachrichtenaufklaerung.de\/start.htm\">Initiative Nachrichtenaufkl\u00e4rung<\/a>&#8222;<\/li>\n<li>Mitglied des Programmbeirats f\u00fcr die\u00a0<a href=\"http:\/\/www.bsi.bund.de\/literat\/tagung\/bsikongr03\/index.htm\">BSI-Tagung 2003<\/a> und die\u00a0<a href=\"http:\/\/www.bsi.de\/\">BSI-Tagung 2005<\/a><\/li>\n<li>Jury-Mitglied der &#8222;<a href=\"http:\/\/www.secure-it.nrw.de\/\">Secure IT NRW<\/a>&#8222;, 2002<\/li>\n<li>Jury-Mitglied der &#8222;<a href=\"http:\/\/www.bridge-ideas.de\/jury.html\">Stiftung Bridge<\/a>&#8222;, B\u00fcrgerrechte in digitalen Gesellschaft<\/li>\n<li><a href=\"http:\/\/www.fuzo-archiv.at\/artikel\/1629307v2\">Patentante<\/a> des Big-Brother-Awards Deutschland<\/li>\n<li>2004 bis 2013 ehrenamtliches Engagement f\u00fcr den Bonner Migranten-Sportverein Al-Hilal SSV im Rahmen der M\u00e4dchen-Sommerfreizeiten (vor allem zust\u00e4ndig f\u00fcr Brot und ein bisschen f\u00fcr Spiele)<\/li>\n<\/ul>\n","protected":false},"excerpt":{"rendered":"<p>Zum T\u00e4tigkeitsprofil Mitglied des Vorstands der RiffReporter eG seit November 2024, zuvor\u00a0Mitglied des Aufsichtrats der RiffReporter eG; seit 2017 journalistisches Mitglied und aktiv in den Recherche-Kollektiven KlimaSocial, Klima &amp; Wandel, Plan G und Busy Streets. Freie Journalistin seit 1996, Publikationen in rund 50 teilweise f\u00fchrenden Medien Seit 2017 Mitglied und Autorin bei Riffreporter.de, Mit-Gr\u00fcnderin der &hellip; <a href=\"https:\/\/schulzki-haddouti.de\/?page_id=27\" class=\"more-link\"><span class=\"screen-reader-text\">Werdegang<\/span> weiterlesen <span class=\"meta-nav\">&rarr;<\/span><\/a><\/p>\n","protected":false},"author":1,"featured_media":0,"parent":2,"menu_order":0,"comment_status":"closed","ping_status":"closed","template":"","meta":[],"_links":{"self":[{"href":"https:\/\/schulzki-haddouti.de\/index.php?rest_route=\/wp\/v2\/pages\/27"}],"collection":[{"href":"https:\/\/schulzki-haddouti.de\/index.php?rest_route=\/wp\/v2\/pages"}],"about":[{"href":"https:\/\/schulzki-haddouti.de\/index.php?rest_route=\/wp\/v2\/types\/page"}],"author":[{"embeddable":true,"href":"https:\/\/schulzki-haddouti.de\/index.php?rest_route=\/wp\/v2\/users\/1"}],"replies":[{"embeddable":true,"href":"https:\/\/schulzki-haddouti.de\/index.php?rest_route=%2Fwp%2Fv2%2Fcomments&post=27"}],"version-history":[{"count":48,"href":"https:\/\/schulzki-haddouti.de\/index.php?rest_route=\/wp\/v2\/pages\/27\/revisions"}],"predecessor-version":[{"id":1273,"href":"https:\/\/schulzki-haddouti.de\/index.php?rest_route=\/wp\/v2\/pages\/27\/revisions\/1273"}],"up":[{"embeddable":true,"href":"https:\/\/schulzki-haddouti.de\/index.php?rest_route=\/wp\/v2\/pages\/2"}],"wp:attachment":[{"href":"https:\/\/schulzki-haddouti.de\/index.php?rest_route=%2Fwp%2Fv2%2Fmedia&parent=27"}],"curies":[{"name":"wp","href":"https:\/\/api.w.org\/{rel}","templated":true}]}}