{"id":250,"date":"2011-02-28T17:46:01","date_gmt":"2011-02-28T17:46:01","guid":{"rendered":"http:\/\/schulzki-haddouti.de\/?page_id=250"},"modified":"2018-05-29T14:38:34","modified_gmt":"2018-05-29T14:38:34","slug":"verschwiegen-verdrangt-vergessen","status":"publish","type":"page","link":"https:\/\/schulzki-haddouti.de\/?page_id=250","title":{"rendered":"Verschwiegen? Verdr\u00e4ngt? Vergessen?"},"content":{"rendered":"<p>Horst Poettker, Christiane Schulzki-Haddouti (Hg.):<br \/>\n<strong>Verschwiegen? Verdr\u00e4ngt? Vergessen?<\/strong><br \/>\nZehn Jahre &#8222;Initiative Nachrichtenaufkl\u00e4rung&#8220;.<br \/>\nVS-Verlag 2007&nbsp;<\/p>\n<p><em>&#8222;Sehr umfassend und systematisch, aber (fast) nirgends langweilig, informiert das Buch \u00fcber Verdienst und Anspr\u00fcche solcher sorgf\u00e4ltig erwogener Medienkritik. Insgesamt ein grundsolides, viele wissenschaftliche und allt\u00e4gliche Aspekte gr\u00fcndlich kombinierendes, verantwortungsbewusstes Handbuch.&#8220;<\/em> Richard Herding in PUBLIZISTIK<\/p>\n<p><em>Initiative Nachrichtenaufkl\u00e4rung \u00fcbernimmt &#8222;verdienstvolle Aufgabe&#8220;.<\/em> medium magazin 11\/2007<\/p>\n<p><em>&#8222;Die Nachrichtenaufkl\u00e4rung schafft es mit dem Buch, den Leser f\u00fcr zu kurz gekommene Themen zu sensibilisieren und die eigene Recherche einmal kritisch zu reflektieren.&#8220;<\/em> INSIGHT, 09\/2007<\/p>\n<p>ISBN 978-3-531-15435-0<br \/>\nca. 250 S. Br. ca. EUR 24,90<br \/>\nBestellen via\u00a0<a href=\"http:\/\/www.amazon.de\/exec\/obidos\/ASIN\/3531154354\/infowelt-21\">Amazon<\/a><\/p>\n<p>Verschwiegen? Verdr\u00e4ngt? Vergessen? Es gibt viele Gr\u00fcnde daf\u00fcr, warum bestimmte Themen in den Medien zu kurz kommen. Die\u00a0<a href=\"http:\/\/www.nachrichtenaufklaerung.de\/\">Initiative Nachrichtenaufkl\u00e4rung (INA) <\/a>versucht, sie dennoch ins \u00f6ffentliche Bewusstsein zu heben. Seit 1997 ver\u00f6ffentlicht sie Jahr f\u00fcr Jahr eine Top-Ten-Liste, die auf die blinden Flecken der journalistischen Berichterstattung hinweist.<\/p>\n<p>Der Band dokumentiert die Top-Ten-Listen der vergangenen zehn Jahre und gibt Auskunft \u00fcber Anliegen, Arbeitsweisen und Erfolge dieser zivilgesellschaftlichen Initiative. Verschiedene Expertenbeitr\u00e4ge zur investigativen Recherche zeigen, wie Journalisten dem Problem der medialen Vernachl\u00e4ssigung entgegenwirken k\u00f6nnen.<\/p>\n<p>Mit Beitr\u00e4gen von<\/p>\n<ul>\n<li>\n<div><a href=\"http:\/\/www.vs-journals.de\/\/binary\/inhalt_vorwort.pdf\">Anke Martiny<\/a><\/div>\n<\/li>\n<li>\n<div><a href=\"http:\/\/www.vs-journals.de\/\/binary\/recherche_peottker.pdf\">Horst P\u00f6ttker<\/a><\/div>\n<\/li>\n<li>\n<div>Christian Schicha<\/div>\n<\/li>\n<li>\n<div>Rita Vock<\/div>\n<\/li>\n<li>\n<div>Christiane Schulzki-Haddouti<\/div>\n<\/li>\n<li>\n<div>Peter Ludes,<\/div>\n<\/li>\n<li>\n<div>Johannes Ludwig<\/div>\n<\/li>\n<li>\n<div>Hubertus G\u00e4rtner<\/div>\n<\/li>\n<li>\n<div>Manfred Redelfs<\/div>\n<\/li>\n<li>\n<div>Carl Jensen<\/div>\n<\/li>\n<li>\n<div>Christoph Hickmann<\/div>\n<\/li>\n<li>\n<div>Caja Thimm<\/div>\n<\/li>\n<li>\n<div>Sandra Berlinecke&nbsp;<\/p>\n<p>sowie:<\/p>\n<\/div>\n<\/li>\n<li>\n<div><a href=\"http:\/\/www.vs-journals.de\/\/binary\/topten.pdf\">Die Top Ten der vernachl\u00e4ssigten Themen 2006<\/a><\/div>\n<\/li>\n<li>\n<div>Statut der Initiative Nachrichtenaufkl\u00e4rung<\/div>\n<\/li>\n<li>\n<div>Gesch\u00e4ftsordnung der INA-Jury<\/div>\n<\/li>\n<li>\n<div>Die Top Ten der vernachl\u00e4ssigten Themen 1997-2005 (Kurzfassungen)<\/div>\n<\/li>\n<\/ul>\n","protected":false},"excerpt":{"rendered":"<p>Horst Poettker, Christiane Schulzki-Haddouti (Hg.): Verschwiegen? Verdr\u00e4ngt? Vergessen? Zehn Jahre &#8222;Initiative Nachrichtenaufkl\u00e4rung&#8220;. VS-Verlag 2007&nbsp; &#8222;Sehr umfassend und systematisch, aber (fast) nirgends langweilig, informiert das Buch \u00fcber Verdienst und Anspr\u00fcche solcher sorgf\u00e4ltig erwogener Medienkritik. Insgesamt ein grundsolides, viele wissenschaftliche und allt\u00e4gliche Aspekte gr\u00fcndlich kombinierendes, verantwortungsbewusstes Handbuch.&#8220; Richard Herding in PUBLIZISTIK Initiative Nachrichtenaufkl\u00e4rung \u00fcbernimmt &#8222;verdienstvolle Aufgabe&#8220;. medium &hellip; <a href=\"https:\/\/schulzki-haddouti.de\/?page_id=250\" class=\"more-link\"><span class=\"screen-reader-text\">Verschwiegen? Verdr\u00e4ngt? Vergessen?<\/span> weiterlesen <span class=\"meta-nav\">&rarr;<\/span><\/a><\/p>\n","protected":false},"author":1,"featured_media":0,"parent":6,"menu_order":0,"comment_status":"closed","ping_status":"open","template":"","meta":[],"_links":{"self":[{"href":"https:\/\/schulzki-haddouti.de\/index.php?rest_route=\/wp\/v2\/pages\/250"}],"collection":[{"href":"https:\/\/schulzki-haddouti.de\/index.php?rest_route=\/wp\/v2\/pages"}],"about":[{"href":"https:\/\/schulzki-haddouti.de\/index.php?rest_route=\/wp\/v2\/types\/page"}],"author":[{"embeddable":true,"href":"https:\/\/schulzki-haddouti.de\/index.php?rest_route=\/wp\/v2\/users\/1"}],"replies":[{"embeddable":true,"href":"https:\/\/schulzki-haddouti.de\/index.php?rest_route=%2Fwp%2Fv2%2Fcomments&post=250"}],"version-history":[{"count":3,"href":"https:\/\/schulzki-haddouti.de\/index.php?rest_route=\/wp\/v2\/pages\/250\/revisions"}],"predecessor-version":[{"id":1057,"href":"https:\/\/schulzki-haddouti.de\/index.php?rest_route=\/wp\/v2\/pages\/250\/revisions\/1057"}],"up":[{"embeddable":true,"href":"https:\/\/schulzki-haddouti.de\/index.php?rest_route=\/wp\/v2\/pages\/6"}],"wp:attachment":[{"href":"https:\/\/schulzki-haddouti.de\/index.php?rest_route=%2Fwp%2Fv2%2Fmedia&parent=250"}],"curies":[{"name":"wp","href":"https:\/\/api.w.org\/{rel}","templated":true}]}}