{"id":246,"date":"2011-02-28T17:43:46","date_gmt":"2011-02-28T17:43:46","guid":{"rendered":"http:\/\/schulzki-haddouti.de\/?page_id=246"},"modified":"2018-05-29T14:38:34","modified_gmt":"2018-05-29T14:38:34","slug":"im-netz-der-inneren-sicherheit","status":"publish","type":"page","link":"https:\/\/schulzki-haddouti.de\/?page_id=246","title":{"rendered":"Im Netz der inneren Sicherheit"},"content":{"rendered":"<p>Christiane Schulzki-Haddouti:<br \/>\n<strong>Im Netz der inneren Sicherheit <\/strong><br \/>\nDie neuen Methoden der \u00dcberwachung<br \/>\nEurop\u00e4ische Verlagsanstalt 2004<\/p>\n<p><em>&#8222;&#8230;<\/em><em> unbedingt zu empfehlen, auch und gerade, weil es teilweise schon von der Realit\u00e4t \u00fcberholt worden ist. Durch die journalistische Ausrichtung ist es auch spannender und leichter lesbar.&#8220;<\/em><br \/>\n(Polizei-Newsletter 2007)<\/p>\n<p>Erh\u00e4ltlich zum Beispiel bei\u00a0<a href=\"http:\/\/www.amazon.de\/exec\/obidos\/ASIN\/3434505822\/infowelt-21\">Amazon<\/a> oder datenschutzfreundlicher direkt im Buchhandel<br \/>\nISBN: 3-434-50582-2<br \/>\n220 Seiten, Broschur<\/p>\n<h4>Presse<\/h4>\n<ul>\n<li><a href=\"http:\/\/www.polizei-newsletter.de\/books\/imnetzderinnerensicherheit.pdf\">Polizei-Newsletter, Juni 2007<\/a>: &#8222;Am 08. Juni 2007 hat der Bundesrat \u00c4nderungen des Passgesetzes zugestimmt, wonach k\u00fcnftig in Reisep\u00e4ssen auch die Fingerabdr\u00fccke zu erfassen sind. Diese Entscheidung macht deutlich, wie schnell ein Buch in einer von Absicherungsideen dominierten Welt \u201e\u00fcberholt\u201c sein kann, wie unentbehrlich aber auch B\u00fccher wie das 2004 erschienene Paperback von Christiane Schulzki-Haddouti sind, wenn das Abgleiten von freiheitlichen Gesellschaften in totalit\u00e4re Systeme noch gestoppt werden soll.&#8220;<br \/>\n&#8222;&#8230; unbedingt zu empfehlen, auch und gerade, weil es teilweise schon von der Realit\u00e4t \u00fcberholt worden ist. Durch die journalistische Ausrichtung ist es auch spannender und leichter lesbar.&#8220;<\/li>\n<li><a href=\"http:\/\/www.datenreise.de\/de\/books\/\">datenschleuder #88\/2005<\/a>: &#8222;Akribisch listet Christiane Schulzki-Haddouti in ihrem Buch die Aushebelung der B\u00fcrgerrechte auf. Sie beschreibt Techniken, die der t\u00e4glichen \u00dcberwachung dienen und pl\u00e4diert f\u00fcr eine Besinnung auf eine Zivilgesellschaft, die aus sich heraus ihre Probleme bew\u00e4ltigt, ohne in ein totalit\u00e4res System abzugleiten. Ein Buch f\u00fcr Fortgeschrittene, das auf keinem Politikerschreibtisch fehlen sollte.&#8220;<\/li>\n<li><a href=\"http:\/\/zip-fm.reportnet.de\/index.php?mode=program&amp;s_id=157&amp;cat=0#art566\">Markus Kilp von Radio Palamares, Paderborn<\/a>, 3.12.2004<\/li>\n<li>Sicherheit heute, Interview:\u00a0<a href=\"http:\/\/www.sicherheit-heute.de\/index.php?cccpage=readtechnik&amp;set_z_artikel=145\">&#8222;Den 11. September h\u00e4tte die Biometrie nicht verhindert&#8220;<\/a>, 14.10.2004<\/li>\n<li><a href=\"http:\/\/www.netzeitung.de\/buecher\/geschichteundpolitik\/305008.html\">Netzeitung<\/a>, Vorstellung<\/li>\n<li><a href=\"http:\/\/www.br-online.de\/kultur-szene\/sendungen\/daspolitischebuch\/index.xml\">Das Politische Buch<\/a>, Interview und Buchvorstellung im Bayerischen Fernsehen, 12.9.2004<\/li>\n<\/ul>\n<h4>Inhalt<\/h4>\n<p><em>&#8222;Verbrechen verhindern, bevor sie entstehen.&#8220;<\/em><\/p>\n<p>Im Zuge der Terrorbek\u00e4mpfung schr\u00e4nken Sicherheitspolitiker in den USA und in Europa B\u00fcrgerrechte ein, um ein Mehr an Sicherheit zu erreichen. Von der Rasterfahndung versprach sich Bundesinnenminister Otto Schily wahre Wunder, Identit\u00e4tskontrollen mit Hilfe von Biometrie sollen nun Terroristen au\u00dfer Landes halten. Immer mehr Daten werden gesammelt und gespeichert, immer schnellere Computer mit immer leistungsf\u00e4higeren Speicherkapazit\u00e4ten stellen Verbindungen auch zwischen unverd\u00e4chtigen Personen, Orten und Gegenst\u00e4nden her.<\/p>\n<p>Das Buch untersucht ein heikles Thema zuk\u00fcnftiger Politik: Wie erfolgreich sind die neuen Technologien im Kampf gegen Kriminalit\u00e4t und Terrorismus wirklich? Wie m\u00fcssen die Technologien gestaltet werden, damit B\u00fcrgerrechte gewahrt bleiben? Wie hoch ist der Preis, den ein Mehr an Sicherheit kosten wird?<\/p>\n<h4>Politik der Angst<\/h4>\n<p>Terroristen sind die anderen &#8211; Ausgehebelte B\u00fcrgerrechte &#8211; Angst als Dauerzustand &#8211; Ist Pr\u00e4vention m\u00f6glich? Zentralismus versus Vernetzung &#8211; Mehr Macht den Geheimdiensten &#8211; Rettungsanker Data-Mining &#8211; Das totale Lagebild &#8211; Die Stecknadel im Heuhaufen<\/p>\n<h4>Blick in die Zukunft<\/h4>\n<p>Die Macht der Szenarien &#8211; Medienviren &#8211; Szenen aus Hollywood &#8211; Total Information Awareness &#8211; \u201eTotal Overkill of Intelligence\u201c &#8211; Matrix<\/p>\n<h4>Wie verletzlich sind wir?<\/h4>\n<p>Kritische Infrastrukturen &#8211; Gegenmittel gesucht &#8211; Wurmattacken &#8211; Planspiel f\u00fcr den Cyberterror &#8211; Vernetzte Reaktionen<\/p>\n<h4>Eindeutige Identit\u00e4ten<\/h4>\n<p>High-Tech-Ausweise &#8211; P\u00e4sse f\u00fcr 188 L\u00e4nder &#8211; \u201eZweifelsfrei\u201c identifiziert? &#8211; Biometrie auf dem Pr\u00fcfstand &#8211; Die Attacke der Gummifinger &#8211; Biometrie f\u00fcr den Rechtsstaat &#8211; RFID-Funkchips &#8211; B\u00fcrger Nr. 98-765-432-1 &#8211; Allgegenw\u00e4rtige Computer &#8211; Sensorenschw\u00e4rme &#8211; Erkennung per DNA<\/p>\n<h4>Kontrolle ist besser als Vertrauen<\/h4>\n<p>Pr\u00e4ventives Abh\u00f6ren &#8211; Schleierfahndung &#8211; Hilfssheriff Toll Collect &#8211; Das Handy als Bewegungssensor &#8211; Wer mit wem? Verbindungsdaten geben Auskunft &#8211; Der gl\u00e4serne Surfer &#8211; Protokollierte Gespr\u00e4che &#8211; Realit\u00e4ts-Check &#8211; 31 Millionen Gespr\u00e4che abgeh\u00f6rt &#8211; Neue Abh\u00f6rregeln &#8211; Fallstricke der Lauschpraxis &#8211; Internationale Abh\u00f6rpolitik &#8211; Die Enfopol-Papiere &#8211; Abh\u00f6rservice f\u00fcr den Staat &#8211; Staubsauger im \u00c4ther &#8211; Wirtschaftsspionage via Echelon &#8211; Kontrolle ist besser als Vertrauen<\/p>\n<h4>Die Teile und das Ganze<\/h4>\n<p>Textanalyse &#8211; Rasterfahndung &#8211; Das Schengen-Informationssystem &#8211; Die Flugpassagierdaten-Aff\u00e4re &#8211; Die Spur des Geldes &#8211; Die Clearstream-Aff\u00e4re &#8211; Anti-Geldw\u00e4sche-Systeme &#8211; Grundrecht Bankgeheimnis?<\/p>\n<h4>Sicherheit oder Freiheit?<\/h4>\n<p>Abdriften in die totalit\u00e4re Gesellschaft? &#8211; Streit um Verschl\u00fcsselung &#8211; Angriff auf Anonymit\u00e4t &#8211; Anonymes Telefonieren &#8211; Zur\u00fcck zur Zivilgesellschaft<\/p>\n<p>&nbsp;<\/p>\n","protected":false},"excerpt":{"rendered":"<p>Christiane Schulzki-Haddouti: Im Netz der inneren Sicherheit Die neuen Methoden der \u00dcberwachung Europ\u00e4ische Verlagsanstalt 2004 &#8222;&#8230; unbedingt zu empfehlen, auch und gerade, weil es teilweise schon von der Realit\u00e4t \u00fcberholt worden ist. Durch die journalistische Ausrichtung ist es auch spannender und leichter lesbar.&#8220; (Polizei-Newsletter 2007) Erh\u00e4ltlich zum Beispiel bei\u00a0Amazon oder datenschutzfreundlicher direkt im Buchhandel ISBN: &hellip; <a href=\"https:\/\/schulzki-haddouti.de\/?page_id=246\" class=\"more-link\"><span class=\"screen-reader-text\">Im Netz der inneren Sicherheit<\/span> weiterlesen <span class=\"meta-nav\">&rarr;<\/span><\/a><\/p>\n","protected":false},"author":1,"featured_media":0,"parent":6,"menu_order":0,"comment_status":"closed","ping_status":"closed","template":"","meta":[],"_links":{"self":[{"href":"https:\/\/schulzki-haddouti.de\/index.php?rest_route=\/wp\/v2\/pages\/246"}],"collection":[{"href":"https:\/\/schulzki-haddouti.de\/index.php?rest_route=\/wp\/v2\/pages"}],"about":[{"href":"https:\/\/schulzki-haddouti.de\/index.php?rest_route=\/wp\/v2\/types\/page"}],"author":[{"embeddable":true,"href":"https:\/\/schulzki-haddouti.de\/index.php?rest_route=\/wp\/v2\/users\/1"}],"replies":[{"embeddable":true,"href":"https:\/\/schulzki-haddouti.de\/index.php?rest_route=%2Fwp%2Fv2%2Fcomments&post=246"}],"version-history":[{"count":4,"href":"https:\/\/schulzki-haddouti.de\/index.php?rest_route=\/wp\/v2\/pages\/246\/revisions"}],"predecessor-version":[{"id":1053,"href":"https:\/\/schulzki-haddouti.de\/index.php?rest_route=\/wp\/v2\/pages\/246\/revisions\/1053"}],"up":[{"embeddable":true,"href":"https:\/\/schulzki-haddouti.de\/index.php?rest_route=\/wp\/v2\/pages\/6"}],"wp:attachment":[{"href":"https:\/\/schulzki-haddouti.de\/index.php?rest_route=%2Fwp%2Fv2%2Fmedia&parent=246"}],"curies":[{"name":"wp","href":"https:\/\/api.w.org\/{rel}","templated":true}]}}