{"id":244,"date":"2011-02-28T17:42:40","date_gmt":"2011-02-28T17:42:40","guid":{"rendered":"http:\/\/schulzki-haddouti.de\/?page_id=244"},"modified":"2018-05-29T14:38:33","modified_gmt":"2018-05-29T14:38:33","slug":"burgerrechte-im-netz","status":"publish","type":"page","link":"https:\/\/schulzki-haddouti.de\/?page_id=244","title":{"rendered":"B\u00fcrgerrechte im Netz"},"content":{"rendered":"<p>Christiane Schulzki-Haddouti<br \/>\n<strong>B\u00fcrgerrechte im Netz<br \/>\n<\/strong>Schriftenreihe (Bd. 382)<br \/>\nBundeszentrale f\u00fcr politische Bildung \/ Leske &amp; Budrich\u00a02003<\/p>\n<p>2 Euro Bereitstellungsgeb\u00fchr, solange Vorrat reicht<br \/>\nBestellen direkt bei der\u00a0<a href=\"http:\/\/www.bpb.de\/publikationen\/UZX6DW,,0,B%FCrgerrechte_im_Netz.html\"><span style=\"text-decoration: underline;\"><span style=\"color: #0000ff;\">Bundeszentrale f\u00fcr politische Bildung <\/span><\/span><\/a><br \/>\noder f\u00fcr 12,80 Euro im Buchhandel bei Leske &amp; Budrich via\u00a0<a href=\"http:\/\/www.amazon.de\/exec\/obidos\/ASIN\/3810038725\/infowelt-21\"><span style=\"text-decoration: underline;\"><span style=\"color: #0000ff;\">Amazon<\/span><\/span><\/a><\/p>\n<h4>Inhalt<\/h4>\n<p>Als vor \u00fcber 50 Jahren die Verfassungsv\u00e4ter das Grundgesetz formulierten, gab es noch kein Internet. Dennoch m\u00fcssen sich die Gesetze und Verordnungen zur neuen Informationsgesellschaft am Grundgesetz orientieren: Wie gro\u00df ist die Meinungs\u00e4u\u00dferungsfreiheit im Netz und wann sind Begrenzungen m\u00f6glich und sinnvoll? Wie sehen virtuelle Demonstrationen aus?<\/p>\n<p>Was bedeutet das Internet f\u00fcr die Demokratie? Inwieweit ist Wissen als geistiges Eigentum gesch\u00fctzt? Reicht staatlicher Datenschutz aus oder m\u00fcssen B\u00fcrgerinnen und B\u00fcrger ihr Recht auf informationelle Selbstbestimmung im Internet selbst durchsetzen? Wie die Internetpraxis die Grundrechte auf die Probe stellt, dokumentiert der vorliegende Band.<\/p>\n<h4>Inhaltsverzeichnis<\/h4>\n<address><em>Christiane Schulzki-Haddouti<\/em><br \/>\n<a href=\"http:\/\/www.bpb.de\/files\/9J21QT.pdf\"><span style=\"text-decoration: underline;\"><span style=\"color: #0000ff;\">Einleitung<br \/>\nNagelprobe Internet <\/span><\/span><\/a><\/p>\n<p><em>Rudolf Wassermann<\/em><br \/>\n<a href=\"http:\/\/www.bpb.de\/files\/I6VE0P.pdf\"><span style=\"text-decoration: underline;\"><span style=\"color: #0000ff;\">Das Grundgesetz<br \/>\nAnspruch und Verpflichtung<\/span><\/span><\/a><\/p>\n<p><em>Johann Bizer<\/em><br \/>\n<a href=\"http:\/\/www.bpb.de\/files\/FPQOF9.pdf\"><span style=\"text-decoration: underline;\"><span style=\"color: #0000ff;\">Grundrechte im Netz<br \/>\nVon der freien Meinungs\u00e4u\u00dferung bis zum Recht auf Eigentum <\/span><\/span><\/a><\/p>\n<p><em>Ingo Ruhmann<\/em><br \/>\n<a href=\"http:\/\/www.bpb.de\/files\/ZCHS1B.pdf\"><span style=\"text-decoration: underline;\"><span style=\"color: #0000ff;\">Politik im digitalen Zeitalter<br \/>\nEin Flickenteppich<\/span><\/span><\/a><\/p>\n<p><em>Hansj\u00fcrgen Garstka <\/em><br \/>\n<a href=\"http:\/\/www.bpb.de\/files\/YRPN3Y.pdf\"><span style=\"text-decoration: underline;\"><span style=\"color: #0000ff;\">Informationelle Selbstbestimmung und Datenschutz<br \/>\nDas Recht auf Privatsph\u00e4re <\/span><\/span><\/a><\/p>\n<p><em>Thomas Petri<\/em><br \/>\n<a href=\"http:\/\/www.bpb.de\/files\/VC6A2V.pdf\"><span style=\"text-decoration: underline;\"><span style=\"color: #0000ff;\">Die kommerzielle Datenverarbeitung und der Datenschutz im Internet<br \/>\nL\u00e4sst sich der internationale Datenhandel im Netz noch kontrollieren?<\/span><\/span><\/a><\/p>\n<p><em>Manuel Kiper<\/em><br \/>\n<a href=\"http:\/\/www.bpb.de\/files\/PN0LIS.pdf\"><span style=\"text-decoration: underline;\"><span style=\"color: #0000ff;\">Spione im B\u00fcro<br \/>\n\u00dcberwachung am Arbeitsplatz<\/span><\/span><\/a><\/p>\n<p><em>Patrick Goltzsch<\/em><br \/>\n<a href=\"http:\/\/www.bpb.de\/files\/D9AWDO.pdf\"><span style=\"text-decoration: underline;\"><span style=\"color: #0000ff;\">Anonymit\u00e4t im Internet<br \/>\nDie technische Verteidigung eines Grundrechts <\/span><\/span><\/a><\/p>\n<p><em>Marit Hansen, Christian Krause<\/em><br \/>\n<a href=\"http:\/\/www.bpb.de\/files\/FRSFFH.pdf\"><span style=\"text-decoration: underline;\"><span style=\"color: #0000ff;\">Sicherheit im Eigenbau<br \/>\nGrundlagen &#8211; Ma\u00dfnahmen &#8211; Ausblicke<\/span><\/span><\/a><\/p>\n<p><em>Ingo Ruhmann, Christiane Schulzki-Haddouti<\/em><br \/>\n<a href=\"http:\/\/schulzki-haddouti.de\/wp-content\/uploads\/2011\/02\/S47FI4.pdf\">Kryptodebatten &#8211; Kampf um die Informationsfreiheit<\/a><\/p>\n<p><em>Christiane Schulzki-Haddouti, Manfred Redelfs<\/em><br \/>\n<a href=\"http:\/\/www.bpb.de\/files\/53BA9L.pdf\"><span style=\"text-decoration: underline;\"><span style=\"color: #0000ff;\">Informationsfreiheit als demokratisches Prinzip<br \/>\nMehr Transparenz durch mehr Information<\/span><\/span><\/a><\/p>\n<p><em>Manfred Redelfs<\/em><br \/>\n<a href=\"http:\/\/www.bpb.de\/files\/UEUNLO.pdf\"><span style=\"text-decoration: underline;\"><span style=\"color: #0000ff;\">Informationsfreiheitsrechte in Deutschland<br \/>\nDer langsame Abschied vom &#8222;Amtsgeheimnis&#8220;<\/span><\/span><\/a><\/p>\n<p><em>Detlef Kr\u00f6ger <\/em><br \/>\n<a href=\"http:\/\/www.bpb.de\/files\/WB7L00.pdf\"><span style=\"text-decoration: underline;\"><span style=\"color: #0000ff;\">Geistiges Eigentum im Netz<br \/>\nZwischen Industrierecht und Kulturgut <\/span><\/span><\/a><\/p>\n<p><em>Nermin Fazlic, Johannes Kollbeck und Burkhard Ewert<\/em><br \/>\n<a href=\"http:\/\/www.bpb.de\/files\/5XSXDC.pdf\"><span style=\"text-decoration: underline;\"><span style=\"color: #0000ff;\">E-Demokratie<br \/>\nStand, Chancen, Risiken<\/span><\/span><\/a><\/p>\n<p><em>Armin Medosch<\/em><br \/>\n<a href=\"http:\/\/www.bpb.de\/files\/6EMX5S.pdf\"><span style=\"text-decoration: underline;\"><span style=\"color: #0000ff;\">Demonstrieren in der virtuellen Republik.<br \/>\nPolitischer Aktivismus im Internet gegen staatliche Institutionen und privatwirtschaftliche Unternehmen <\/span><\/span><\/a><\/p>\n<p><em>Lorenz Lorenz-Meyer<\/em><br \/>\n<a href=\"http:\/\/www.bpb.de\/files\/XVLRMU.pdf\"><span style=\"text-decoration: underline;\"><span style=\"color: #0000ff;\">Die Zensur als technischer Defekt<br \/>\nDer Gilmore-Mythos <\/span><\/span><\/a><\/p>\n<p><em>Ute Bernhardt<\/em><br \/>\n<a href=\"http:\/\/www.bpb.de\/files\/IIAEV0.pdf\"><span style=\"text-decoration: underline;\"><span style=\"color: #0000ff;\">Filtern, Sperren, Zensieren?<br \/>\nVom Umgang mit unliebsamen Inhalten im Internet<\/span><\/span><\/a><\/p>\n<p><em>Martin Goldmann<\/em><br \/>\n<a href=\"http:\/\/www.bpb.de\/files\/Q4KR9P.pdf\"><span style=\"color: #0000ff;\"><span style=\"text-decoration: underline;\">Dear Emily Postnews<br \/>\nDie Geschichte der Netikette<\/span><\/span><\/a><\/p>\n<p><em><a href=\"http:\/\/www.bpb.de\/files\/L0S8TY.pdf\"><span style=\"text-decoration: underline;\"><span style=\"color: #0000ff;\">Glossar\/Abk\u00fcrzungen<\/span><\/span><\/a><\/em><br \/>\n<em>plus ausf\u00fchrliches Namen- und Sachregister<\/em><\/address>\n<p>&nbsp;<\/p>\n","protected":false},"excerpt":{"rendered":"<p>Christiane Schulzki-Haddouti B\u00fcrgerrechte im Netz Schriftenreihe (Bd. 382) Bundeszentrale f\u00fcr politische Bildung \/ Leske &amp; Budrich\u00a02003 2 Euro Bereitstellungsgeb\u00fchr, solange Vorrat reicht Bestellen direkt bei der\u00a0Bundeszentrale f\u00fcr politische Bildung oder f\u00fcr 12,80 Euro im Buchhandel bei Leske &amp; Budrich via\u00a0Amazon Inhalt Als vor \u00fcber 50 Jahren die Verfassungsv\u00e4ter das Grundgesetz formulierten, gab es noch kein &hellip; <a href=\"https:\/\/schulzki-haddouti.de\/?page_id=244\" class=\"more-link\"><span class=\"screen-reader-text\">B\u00fcrgerrechte im Netz<\/span> weiterlesen <span class=\"meta-nav\">&rarr;<\/span><\/a><\/p>\n","protected":false},"author":1,"featured_media":0,"parent":6,"menu_order":0,"comment_status":"closed","ping_status":"open","template":"","meta":[],"_links":{"self":[{"href":"https:\/\/schulzki-haddouti.de\/index.php?rest_route=\/wp\/v2\/pages\/244"}],"collection":[{"href":"https:\/\/schulzki-haddouti.de\/index.php?rest_route=\/wp\/v2\/pages"}],"about":[{"href":"https:\/\/schulzki-haddouti.de\/index.php?rest_route=\/wp\/v2\/types\/page"}],"author":[{"embeddable":true,"href":"https:\/\/schulzki-haddouti.de\/index.php?rest_route=\/wp\/v2\/users\/1"}],"replies":[{"embeddable":true,"href":"https:\/\/schulzki-haddouti.de\/index.php?rest_route=%2Fwp%2Fv2%2Fcomments&post=244"}],"version-history":[{"count":4,"href":"https:\/\/schulzki-haddouti.de\/index.php?rest_route=\/wp\/v2\/pages\/244\/revisions"}],"predecessor-version":[{"id":989,"href":"https:\/\/schulzki-haddouti.de\/index.php?rest_route=\/wp\/v2\/pages\/244\/revisions\/989"}],"up":[{"embeddable":true,"href":"https:\/\/schulzki-haddouti.de\/index.php?rest_route=\/wp\/v2\/pages\/6"}],"wp:attachment":[{"href":"https:\/\/schulzki-haddouti.de\/index.php?rest_route=%2Fwp%2Fv2%2Fmedia&parent=244"}],"curies":[{"name":"wp","href":"https:\/\/api.w.org\/{rel}","templated":true}]}}