{"id":242,"date":"2011-02-28T17:41:13","date_gmt":"2011-02-28T17:41:13","guid":{"rendered":"http:\/\/schulzki-haddouti.de\/?page_id=242"},"modified":"2018-05-29T14:38:34","modified_gmt":"2018-05-29T14:38:34","slug":"vom-ende-der-anonymitat","status":"publish","type":"page","link":"https:\/\/schulzki-haddouti.de\/?page_id=242","title":{"rendered":"Vom Ende der Anonymit\u00e4t"},"content":{"rendered":"<p>Christiane Schulzki-Haddouti (Hrsg.):<br \/>\n<strong>&#8222;Vom Ende der Anonymit\u00e4t&#8220;.<\/strong><br \/>\nDie Globalisierung der \u00dcberwachung.&#8220;<br \/>\n2., aktualisierte Auflage<br \/>\nHeise Verlag 2000<\/p>\n<p><em>&#8222;Das Buch ist ein Schocker.&#8220;<\/em><br \/>\nZeit-Fragen<br \/>\nLeider ausverkauft, hier gibt es nur noch\u00a0<a href=\"http:\/\/www.amazon.de\/exec\/obidos\/ASIN\/3882291923\/infowelt-21\">Gebrauchtes<\/a>.<br \/>\nISBN 3-88229-185-0<br \/>\n180 Seiten, Broschur<br \/>\n29.00 DM \/ 212 \u00f6S \/ 26.5 sFr<\/p>\n<p>\u00bbViele einzelne Informationen endlich geb\u00fcndelt in einem Buch: Dazu mit der richtigen Herausgeberin, mit den richtigen Autorinnen und Autoren im richtigen Verlag. Spannung von Anfang bis Ende. Und besonders erschreckend: Alles ist Realit\u00e4t.\u00ab<br \/>\npadeluun<\/p>\n<h4>Inhalt<\/h4>\n<p>Nicht nur Telefone und Handys, sondern auch Videokameras, E-Mails, Internet-Logfiles, Satellitentelefone und Prepaid-Cards wollen Strafverfolger und Geheimdienste f\u00fcr \u00dcberwachung und Abh\u00f6rma\u00dfnahmen nutzen.Die Pl\u00e4ne werden von Expertengruppen hinter verschlossenen T\u00fcren diskutiert und in letzter Minute bekannt. Oft bleibt Journalisten deshalb nur ein atemloses Beschreiben der j\u00fcngsten Erkenntnisse.<\/p>\n<p>F\u00fcr dieses\u00a0<a href=\"http:\/\/www.heise.de\/tp\/\">Telepolis<\/a>-Buch liefern internationale Autoren und B\u00fcrgerrechtsaktivisten wie Nicky Hager, Duncan Campbell, Tony Geraghty, Wayne Madsen, Thomas Mathiesen, Erich M\u00f6chel, Ute Bernhardt und Ingo Ruhmann nicht nur Hintergr\u00fcnde und Fakten, sondern auch Antworten auf grunds\u00e4tzliche Fragen:<\/p>\n<p>Wie entwickelt sich die globale \u00dcberwachung seitens der Geheimdienste und Strafverfolger? Wie ver\u00e4ndert sich die zivile Gesellschaft unter dem Eindruck neuer Technologien und Gesetze? Welche Zukunftstechniken werden in den Labors von Universit\u00e4ten und Unternehmen entworfen? Und wie bringen B\u00fcrger mehr Transparenz in diese geheime Welt?<\/p>\n<p>Im Sommer 2000 wurde Telepolis f\u00fcr seine Berichterstattung \u00fcber Enfopol in London mit dem Europ\u00e4ischen Preis f\u00fcr Online-Journalismus der Medien-Konferenz \u00bbNet-Media 2000 \u00ab in der Kategorie \u00bbInvestigative Reporting \u00ab ausgezeichnet.<\/p>\n<h4>Rezensionen<\/h4>\n<ul>\n<li><a href=\"http:\/\/www.hr-online.de\/hf\/hr2\/medienforum\/\">Interview<\/a><br \/>\nMedienforum am Samstag, 17. M\u00e4rz 2001, 17.05 Uhr<br \/>\nCybercrime \u2013 Echelon &#8211; Zensur<br \/>\nDas freie Internet in den F\u00e4ngen von Politik und Spionage<\/li>\n<li><a href=\"http:\/\/www.wdr5.de\/leonardo\/sachbuch.phtml?btgid=41\">Leonardo, WDR 5, 26.1.2001<\/a><br \/>\nDie Missbrauchsm\u00f6glichkeiten erscheinen dabei so konkret und bedrohlich, dass beim Lesen eine gewisse Angst nicht ausbleibt, Angst vor ohnm\u00e4chtigem Ausgeliefertsein angesichts einer um sich greifenden Datensammelwut und \u00dcberwachungsmentalit\u00e4t. Ein erster Schritt zu einer Kontrolle der Datenj\u00e4ger ist die \u00d6ffentlichkeit; das Buch stellt sie eindrucksvoll her.<\/li>\n<li>&#8222;Sehr empfehlenswert&#8220;<br \/>\nSebastian, Datenschleuder des Chaos Computer Clubs<\/li>\n<li>Vom Ende der Anonymit\u00e4t ist ein politisches Buch. Es sorgt f\u00fcr Transparenz, wo Regierungen ihren B\u00fcrgern sie betreffende wichtige Informationen zu ihren Aktivit\u00e4ten vorenthalten und ohne ihr Wissen kontrollieren, Daten erheben und weitergeben. Dabei sind die Ausf\u00fchrungen teilweise \u00e4u\u00dferst spannend geschrieben und bei allem journalistisch korrekt aufbereitet. Beschrieben werden nicht nur die Fakten, sondern auch die Wege und Quellen der Informationsgewinnung. Die technischen Aspekte der \u00dcberwachungssysteme werden ebenso erl\u00e4utert wie die hintergr\u00fcndigen Strukturen, in denen sie eingesetzt werden, die Bewertungen werden argumentativ gr\u00fcndlich ausgearbeitet, Konsequenzen durchdacht aufgezeigt. Diesem Buch ist ein m\u00f6glichst gro\u00dfer Leserkreis zu w\u00fcnschen, denn letztlich sch\u00fctzt nur der \u00f6ffentliche Diskurs vor rechtsstaatlichem Fehlverhalten. Und Telepolis sei mit dem Schritt in die gedruckte Welt eine weitere Gratulation ausgesprochen!<br \/>\nOliver Busch, Amazon<\/li>\n<li><a href=\"http:\/\/www.med-online.de\/med0103\/18ReziAnonymitaet.html\">Med-Online, 3\/2001<\/a><br \/>\nDie Aufsatzsammlung gew\u00e4hrt einen Einblick in die eingesetzten Verfahren und ihre Geschichte. Ausf\u00fchrlich legt sie die Implikationen f\u00fcr den Einzelnen und die Gesellschaft dar. Zudem wirft das Buch einen Blick in die nicht allzu ferne Zukunft, in der der Verlust der Privat-sph\u00e4re, wie wir sie kennen, droht. &#8222;Smart Dust&#8220; &#8211; pollenkorngro\u00dfe Abh\u00f6rwanzen, die gro\u00dffl\u00e4chig verteilt werden k\u00f6nnen &#8211; biometrische Kontrollen bei allt\u00e4glichen Vorg\u00e4ngen, Video\u00fcberwachung des \u00f6ffentlichen Raums inklusive der automatischen Erkennung von Gesichts- und Bewegungsmustern nach dem Motto &#8222;Verd\u00e4chtig ist jeder&#8220;. Sch\u00f6ne neue Welt? &#8222;Vom Ende der Anonymit\u00e4t&#8220; zeigt: Big Brother ist l\u00e4ngst da &#8211; in Legionsst\u00e4rke.<\/li>\n<li><a href=\"http:\/\/www.zeit-fragen.ch\/ARCHIV\/ZF_78b\/T05.HTM\">Der Weg in den totalit\u00e4ren \u00dcberwachungsstaat<\/a>, Zeit-Fragen, 9.4.2001<br \/>\nDas Buch ist ein Schocker.<\/li>\n<\/ul>\n<h4>Inhaltsverzeichnis<\/h4>\n<p>Bis auf den Abschnitt &#8222;Zukunftslabor&#8220;, der \u00e4ltere Telepolis-Artikel f\u00fcr das Buch k\u00fcrzte, wurden alle Artikel speziell f\u00fcr dieses Buch geschrieben. Danach wurden fast alle Beitr\u00e4ge nach und nach unter der selben oder einer \u00e4hnlichen \u00dcberschrift in Telepolis ver\u00f6ffentlicht:<\/p>\n<h5>Einf\u00fchrung<\/h5>\n<p><a href=\"http:\/\/www.dpunkt.de\/leseproben\/3-88229-185-0\/Einleitung_Inhalt.pdf\">Inhaltsverzeichnis und Einleitung (PDF-Datei)<\/a><br \/>\n<a href=\"http:\/\/www.heise.de\/tp\/deutsch\/special\/enfo\/6861\/1.html\">Thomas Mathiesen: Die Globalisierung der \u00dcberwachung <\/a><br \/>\nStefan Krempl: Europol ohne Grenzen\u00a0<a href=\"http:\/\/www.heise.de\/tp\/deutsch\/inhalt\/te\/1955\/1.html\">(\u00e4lterer Telepolis-Artikel, der f\u00fcr das Buch komplett \u00fcberarbeitet und aktualisiert wurde) <\/a><br \/>\nErich Moechel und Christiane Schulzki-Haddouti: Sieg auf Zeit gegen Enfopol [<a href=\"http:\/\/www.heise.de\/tp\/deutsch\/special\/enfo\/default.html\">Telepolis-Special: Die Enfopol-Papiere<\/a>]<\/p>\n<p>II. Geheimdienste<\/p>\n<p><a href=\"http:\/\/www.heise.de\/tp\/deutsch\/special\/ech\/6728\/1.html\">Nicky Hager: Auf der Suche nach Echelon (Telepolis-Version)<\/a><br \/>\n<a href=\"http:\/\/www.heise.de\/tp\/deutsch\/special\/ech\/6928\/1.html\">Duncan Campbell: Inside Echelon <\/a><br \/>\nErich Schmidt-Eenboom: Die Funkspionage aus Westdeutschland<br \/>\n<a href=\"http:\/\/www.heise.de\/tp\/deutsch\/special\/info\/6837\/1.html\">Wayne Madsen: Operationen im Cyberspace (Telepolis-Version)<\/a><\/p>\n<h5>III. Zukunftslabor<\/h5>\n<p><a href=\"http:\/\/www.heise.de\/tp\/deutsch\/inhalt\/co\/5271\/1.html\">James Flint: Smart Dust<\/a><br \/>\n<a href=\"http:\/\/www.heise.de\/tp\/deutsch\/inhalt\/co\/5549\/1.html\">Florian R\u00f6tzer: Man ist, wie man geht (Telepolis-Langversion)<\/a><br \/>\n<a href=\"http:\/\/www.heise.de\/tp\/deutsch\/inhalt\/co\/5577\/1.html\">Florian R\u00f6tzer: Der mobile Patient am Netz (Telepolis-Langversion)<\/a><br \/>\n<a href=\"http:\/\/www.heise.de\/tp\/deutsch\/inhalt\/te\/1627\/1.html\">Florian R\u00f6tzer: Verkleidung zwecklos (Telepolis-Langversion)<\/a><br \/>\n<a href=\"http:\/\/www.heise.de\/tp\/deutsch\/inhalt\/glosse\/2313\/1.html\">Florian R\u00f6tzer: Wer gut und b\u00f6se ist (Telepolis-Langversion)<\/a><br \/>\n<a href=\"http:\/\/www.heise.de\/tp\/deutsch\/inhalt\/co\/2501\/1.html\">Florian R\u00f6tzer: Die Roboter kommen (Telepolis-Langversion)<\/a><br \/>\n<a href=\"http:\/\/www.heise.de\/tp\/deutsch\/special\/info\/6700\/1.html\">Olivier Minkwitz: Das Auge im All (Telepolis-Langversion)<\/a><\/p>\n<h5>IV. Bedrohung f\u00fcr die Zivilgesellschaft<\/h5>\n<p><a href=\"http:\/\/www.heise.de\/tp\/deutsch\/special\/info\/6759\/1.html\">Tony Geraghty: Der irische Krieg \u2013 eine britische Krankheit<\/a><br \/>\n<a href=\"http:\/\/www.heise.de\/tp\/deutsch\/inhalt\/co\/8988\/1.html\">Detlef Nogala: Der Frosch im hei\u00dfen Wasser <\/a><br \/>\nFlorian R\u00f6tzer: Vom Ende der Anonymit\u00e4t<\/p>\n<h5>V. Ist Aufkl\u00e4rung m\u00f6glich?<\/h5>\n<p><a href=\"http:\/\/www.heise.de\/tp\/deutsch\/special\/ech\/6947\/1.html\">Nicky Hager: Echelon oder wie sich Information (nicht) verbreitet<\/a><br \/>\n<a href=\"http:\/\/www.heise.de\/tp\/deutsch\/special\/ech\/6768\/1.html\">Ute Bernhardt und Ingo Ruhmann: \u00dcberwachung der \u00dcberwacher<\/a><\/p>\n<p>&nbsp;<\/p>\n","protected":false},"excerpt":{"rendered":"<p>Christiane Schulzki-Haddouti (Hrsg.): &#8222;Vom Ende der Anonymit\u00e4t&#8220;. Die Globalisierung der \u00dcberwachung.&#8220; 2., aktualisierte Auflage Heise Verlag 2000 &#8222;Das Buch ist ein Schocker.&#8220; Zeit-Fragen Leider ausverkauft, hier gibt es nur noch\u00a0Gebrauchtes. ISBN 3-88229-185-0 180 Seiten, Broschur 29.00 DM \/ 212 \u00f6S \/ 26.5 sFr \u00bbViele einzelne Informationen endlich geb\u00fcndelt in einem Buch: Dazu mit der richtigen &hellip; <a href=\"https:\/\/schulzki-haddouti.de\/?page_id=242\" class=\"more-link\"><span class=\"screen-reader-text\">Vom Ende der Anonymit\u00e4t<\/span> weiterlesen <span class=\"meta-nav\">&rarr;<\/span><\/a><\/p>\n","protected":false},"author":1,"featured_media":0,"parent":6,"menu_order":0,"comment_status":"closed","ping_status":"closed","template":"","meta":[],"_links":{"self":[{"href":"https:\/\/schulzki-haddouti.de\/index.php?rest_route=\/wp\/v2\/pages\/242"}],"collection":[{"href":"https:\/\/schulzki-haddouti.de\/index.php?rest_route=\/wp\/v2\/pages"}],"about":[{"href":"https:\/\/schulzki-haddouti.de\/index.php?rest_route=\/wp\/v2\/types\/page"}],"author":[{"embeddable":true,"href":"https:\/\/schulzki-haddouti.de\/index.php?rest_route=\/wp\/v2\/users\/1"}],"replies":[{"embeddable":true,"href":"https:\/\/schulzki-haddouti.de\/index.php?rest_route=%2Fwp%2Fv2%2Fcomments&post=242"}],"version-history":[{"count":1,"href":"https:\/\/schulzki-haddouti.de\/index.php?rest_route=\/wp\/v2\/pages\/242\/revisions"}],"predecessor-version":[{"id":243,"href":"https:\/\/schulzki-haddouti.de\/index.php?rest_route=\/wp\/v2\/pages\/242\/revisions\/243"}],"up":[{"embeddable":true,"href":"https:\/\/schulzki-haddouti.de\/index.php?rest_route=\/wp\/v2\/pages\/6"}],"wp:attachment":[{"href":"https:\/\/schulzki-haddouti.de\/index.php?rest_route=%2Fwp%2Fv2%2Fmedia&parent=242"}],"curies":[{"name":"wp","href":"https:\/\/api.w.org\/{rel}","templated":true}]}}