{"id":2,"date":"2010-12-01T16:19:30","date_gmt":"2010-12-01T16:19:30","guid":{"rendered":"http:\/\/schulzki-haddouti.de\/\/?page_id=2"},"modified":"2025-08-02T14:48:56","modified_gmt":"2025-08-02T14:48:56","slug":"eine-seite","status":"publish","type":"page","link":"https:\/\/schulzki-haddouti.de\/?page_id=2","title":{"rendered":"Profil"},"content":{"rendered":"<p>Christiane Schulzki-Haddouti, geb. 1967, ist seit 2024 Mitglied des Vorstands der journalistischen Genossenschaft RiffReporter eG. Zuvor war sie seit 2023 Mitglied des Aufsichtsrats der Genossenschaft.<\/p>\n<p>Sie arbeitete seit 1996 als freie IT- und Medienjournalistin. Seither hat sie in \u00fcber 60 Tageszeitungen, Online-Medien, Fachzeitungen und -zeitschriften <a href=\"http:\/\/schulzki-haddouti.de\/?page_id=6\">ver\u00f6ffentlicht<\/a>. Ihre Berichterstattung befasst sich mit dem Leben in der Informationsgesellschaft und all seinen Chancen und Schwierigkeiten.<\/p>\n<p>Christiane Schulzki-Haddouti\u00a0hat mehrere\u00a0<a href=\"http:\/\/schulzki-haddouti.de\/?page_id=6\">Publikationen<\/a> verfasst und herausgegeben und an diversen <a href=\"http:\/\/schulzki-haddouti.de\/?page_id=12\">Projekte<\/a> in den Bereichen Foresight, Innovationsmanagement und Medienentwicklung mitgewirkt.<\/p>\n<p>Sie schrieb vorwiegend f\u00fcr die Computerzeitschrift c&#8217;t, die <a href=\"http:\/\/www.google.de\/search?sourceid=chrome&amp;ie=UTF-8&amp;q=site:www.vdi-nachrichten.com+schulzki-haddouti\">VDI-Nachrichten<\/a>, \u00a0die\u00a0<a href=\"http:\/\/www.google.de\/search?sourceid=chrome&amp;ie=UTF-8&amp;q=site:www.stuttgarter-zeitung.de+schulzki-haddouti\">Stuttgarter Zeitung<\/a>, die Frankfurter Allgemeine Zeitung\u00a0sowie f\u00fcr die Online-Portale <a href=\"http:\/\/www.heise.de\/suche\/?q=schulzki-haddouti&amp;search_submit=Suche&amp;rm=search\">Heise online<\/a>, <a href=\"http:\/\/www.zeit.de\/autoren\/S\/Christiane_Schulzki-Haddouti\/index.xml\">ZEIT online<\/a> und <a href=\"http:\/\/futurezone.at\/autor\/christiane-schulzki-haddouti\/24.468.282\">Futurezone<\/a>\u00a0(fr\u00fcher\u00a0<a href=\"http:\/\/www.fuzo-archiv.at\/suche\/?query=haddouti&amp;von=20.04.1999&amp;bis=30.09.2010\">ORF-Futurezone<\/a>). Sie kommentierte im <a href=\"http:\/\/wissen.dradio.de\/\">DRadio Wissen<\/a>\u00a0\/\u00a0&#8222;Netzkommentar&#8220; verschiedene Netzthemen, ebenso im\u00a0<a href=\"http:\/\/blog.zdf.de\/hyperland\/author\/schulzki-c\/\">Hyperland-Blog<\/a> des ZDF.<\/p>\n<p><strong>Auszeichnungen<\/strong><\/p>\n<ul>\n<li>Die Jury des Surveillance Studies Preises 2015 <a href=\"http:\/\/schulzki-haddouti.de\/?p=779 \">entschied<\/a> sich f\u00fcr einen Extra-Preis f\u00fcr <a href=\"http:\/\/www.heise.de\/ct\/ausgabe\/2014-19-Wem-Ihr-Auto-was-ueber-Sie-verraet-2295999.html\">&#8222;Sch\u00e4dliche Daten-Emissionen: Wem Ihr Auto was \u00fcber Sie verr\u00e4t&#8220;<\/a>, erschienen in der c\u2019t 19\/2014<\/li>\n<li><a href=\"http:\/\/www.scilogs.de\/fischblog\/wissenschaftsblog-auslese-2010-die-preistr-ger\/\">Preistr\u00e4gerin der Wissenschaftsblogs-Auslese<\/a> 2010 f\u00fcr den Beitrag &#8222;<a href=\"http:\/\/blog.kooptech.de\/2010\/11\/energiepolitik-in-zahlen\/\" target=\"_blank\" rel=\"noopener\">Zahlenr\u00e4tsel zum Innovationsstandort Deutschland&#8220; im KoopTech-Blog<\/a><\/li>\n<li>Nominierung der Initiative Nachrichtenaufkl\u00e4rung im Jahr 2002 f\u00fcr den Grimme-Online-Preis. Damals war Christiane Schulzki-Haddouti verantwortlich f\u00fcr das Recherche-Seminar sowie Mitglied der Jury.<\/li>\n<li>Europ\u00e4ischer Preis f\u00fcr Online-Journalismus der\u00a0<a href=\"http:\/\/www.heise.de\/newsticker\/meldung\/Telepolis-erhaelt-Europaeischen-Preis-fuer-Online-Journalismus-29212.html\">Medien-Konferenz Net-Media 2000<\/a> in der Kategorie &#8222;Investigative Reporting&#8220; (2000). Der Preis wurde der 2002 auch mit dem\u00a0<a href=\"http:\/\/mtv.de\/grimme\/index_pop.php\">Grimme-Online-Preis<\/a> geehrten Telepolis-Redaktion bzw. ihren freien Autoren <a href=\"http:\/\/www.heise.de\/tp\/autor\/christianeschulzkihaddouti\/default.html\">Christiane Schulzki-Haddouti<\/a>, Erich Moechel, Jelle van Buren und Duncan Campbell f\u00fcr ihre Enfopol-Berichterstattung verliehen. Diese befasste sich unter anderem mit den geheimen Vorbereitungen f\u00fcr eine umfassende Vorratsdatenspeicherung auf europ\u00e4ischer und G8-Ebene sowie europ\u00e4ischer Kryptopolitik.<\/li>\n<\/ul>\n<p><strong>profile<\/strong><\/p>\n<p>Christiane Schulzki-Haddouti works as free-lance journalist since 1996 and as researcher for socio-technical issues since 2007. She writes on a regular basis for\u00a0 c\u2019t,\u00a0<a href=\"http:\/\/www.google.de\/search?sourceid=chrome&amp;ie=UTF-8&amp;q=site:www.vdi-nachrichten.com+schulzki-haddouti\">VDI-Nachrichten<\/a>,\u00a0\u00a0<a href=\"http:\/\/www.google.de\/search?sourceid=chrome&amp;ie=UTF-8&amp;q=site:www.stuttgarter-zeitung.de+schulzki-haddouti\">Stuttgarter Zeitung<\/a>, Frankfurter Allgemeine Zeitung,\u00a0<a href=\"http:\/\/www.heise.de\/suche\/?q=schulzki-haddouti&amp;search_submit=Suche&amp;rm=search\">Heise online<\/a>,\u00a0<a href=\"http:\/\/www.zeit.de\/autoren\/S\/Christiane_Schulzki-Haddouti\/index.xml\">ZEIT online<\/a>,\u00a0and\u00a0<a href=\"http:\/\/www.google.de\/search?sourceid=chrome&amp;ie=UTF-8&amp;q=site%3Awww.futurezone.at+schulzki-haddouti#sclient=psy&amp;hl=de&amp;biw=939&amp;bih=771&amp;source=hp&amp;q=site%3Afuturezone.at%20schulzki-haddouti&amp;aq=f&amp;aqi=&amp;aql=&amp;oq=&amp;pbx=1&amp;bav=on.2,or.r_gc.r_pw.&amp;fp=b511b143591b49e3&amp;pf=p&amp;pdl=300\">Futurezone<\/a>. She blogged at\u00a0<a href=\"http:\/\/blog.kooptech.de\/\">KoopTech<\/a>\u00a0and\u00a0<a href=\"http:\/\/blog.zdf.de\/hyperland\/author\/schulzki-c\/\">ZDF Hyperland<\/a>.<\/p>\n<p>She published and edited several <a href=\"http:\/\/schulzki-haddouti.de\/?page_id=324\">books<\/a> on privacy and security, civil rights in the digital age, and issues of professional journalism. She did some <a href=\"http:\/\/schulzki-haddouti.de\/?page_id=329\">research and analysis<\/a> for the German Federal Ministry of Education and Research (BMBF) on technologies of cooperation and social innovation.<\/p>\n<p>She was a member of the\u00a0<a href=\"http:\/\/www.nachrichtenaufklaerung.de\/\">Initiative Nachrichtenaufkl\u00e4rung<\/a>\u00a0jury (2000-2015), a German clone of\u00a0<a href=\"http:\/\/www.projectcensored.org\/\">Project Censored<\/a>. She was responsible for INA research seminars at the Technische Universit\u00e4t Dortmund\u00a0 and at the University of Bonn. She is Co-Founder of the\u00a0<a href=\"http:\/\/www.whistleblower-netzwerk.de\/\">Whistleblower Netzwerk e.V.<\/a>\u00a0in Cologne.<\/p>\n<p><span style=\"color: #000000;\"><strong>\u00a0<\/strong><\/span><\/p>\n","protected":false},"excerpt":{"rendered":"<p>Christiane Schulzki-Haddouti, geb. 1967, ist seit 2024 Mitglied des Vorstands der journalistischen Genossenschaft RiffReporter eG. Zuvor war sie seit 2023 Mitglied des Aufsichtsrats der Genossenschaft. Sie arbeitete seit 1996 als freie IT- und Medienjournalistin. Seither hat sie in \u00fcber 60 Tageszeitungen, Online-Medien, Fachzeitungen und -zeitschriften ver\u00f6ffentlicht. Ihre Berichterstattung befasst sich mit dem Leben in der &hellip; <a href=\"https:\/\/schulzki-haddouti.de\/?page_id=2\" class=\"more-link\"><span class=\"screen-reader-text\">Profil<\/span> weiterlesen <span class=\"meta-nav\">&rarr;<\/span><\/a><\/p>\n","protected":false},"author":1,"featured_media":0,"parent":0,"menu_order":0,"comment_status":"closed","ping_status":"closed","template":"","meta":[],"_links":{"self":[{"href":"https:\/\/schulzki-haddouti.de\/index.php?rest_route=\/wp\/v2\/pages\/2"}],"collection":[{"href":"https:\/\/schulzki-haddouti.de\/index.php?rest_route=\/wp\/v2\/pages"}],"about":[{"href":"https:\/\/schulzki-haddouti.de\/index.php?rest_route=\/wp\/v2\/types\/page"}],"author":[{"embeddable":true,"href":"https:\/\/schulzki-haddouti.de\/index.php?rest_route=\/wp\/v2\/users\/1"}],"replies":[{"embeddable":true,"href":"https:\/\/schulzki-haddouti.de\/index.php?rest_route=%2Fwp%2Fv2%2Fcomments&post=2"}],"version-history":[{"count":55,"href":"https:\/\/schulzki-haddouti.de\/index.php?rest_route=\/wp\/v2\/pages\/2\/revisions"}],"predecessor-version":[{"id":1269,"href":"https:\/\/schulzki-haddouti.de\/index.php?rest_route=\/wp\/v2\/pages\/2\/revisions\/1269"}],"wp:attachment":[{"href":"https:\/\/schulzki-haddouti.de\/index.php?rest_route=%2Fwp%2Fv2%2Fmedia&parent=2"}],"curies":[{"name":"wp","href":"https:\/\/api.w.org\/{rel}","templated":true}]}}